{"id":10503,"date":"2020-12-11T11:47:50","date_gmt":"2020-12-11T10:47:50","guid":{"rendered":"https:\/\/parkpark.nordicwebmedier.dk\/?page_id=10503"},"modified":"2021-06-11T14:08:39","modified_gmt":"2021-06-11T12:08:39","slug":"start-parkering","status":"publish","type":"page","link":"https:\/\/parkpark.no\/no\/start-parkering\/","title":{"rendered":"Hvordan starte en parkering"},"content":{"rendered":"<div class=\"vc-row-container container\"><div data-vc-full-width=\"true\" data-vc-full-width-init=\"false\" class=\"vc_row wpb_row vc_row-fluid vc_custom_1617037443096 vc_row-o-content-middle vc_row-flex row-stretch\"><div class=\"wpb_column vc_column_container vc_col-sm-12\"><div class=\"vc_column-inner\"><div class=\"wpb_wrapper\">\n\t<div class=\"wpb_text_column wpb_content_element  vc_custom_1619191007601 post-formatting\" >\n\t\t<div class=\"wpb_wrapper\">\n\t\t\t<h3>Hvordan starte en parkering<\/h3>\n\n\t\t<\/div>\n\t<\/div>\n\n\t<div class=\"wpb_text_column wpb_content_element  vc_custom_1617037415880 post-formatting\" >\n\t\t<div class=\"wpb_wrapper\">\n\t\t\t<p>Vi har gjort det enda enklere for deg \u00e5 starte en parkering i PARKPARK-appen, og n\u00e5 kan du starte din parkering p\u00e5 2 m\u00e5ter.<\/p>\n<p><strong>1. Fra din posisjon<\/strong><\/p>\n<p>Er du p\u00e5 en parkeringsplass\/-sone vil appen foresl\u00e5 dette for deg. Klikk p\u00e5 den bl\u00e5 knappen &quot;Start parkering&quot; nederst i venstre hj\u00f8rne - bekreft at det er riktig parkeringsplass og flytt glidebryteren &quot;Start parkering&quot; til h\u00f8yre<\/p>\n<p><strong>2. Velg manuelt<\/strong><\/p>\n<p>Du kan alltid velge en parkeringsplass manuelt p\u00e5 kartet. Klikk p\u00e5 parkeringsplassen\/sonen du \u00f8nsker for \u00e5 starte din parkering \u2013 bekreft at det er riktig parkeringsplass og flytt \u00abStart parkering\u00bb-glidebryteren mot h\u00f8yre.<\/p>\n<p>Du m\u00e5 ha den nyeste versjonen av PARKPARK-appen f\u00f8r du kan se funksjonene ovenfor. Sjekk om du har den nyeste versjonen <a style=\"color: #d10a11;\" href=\"http:\/\/www.parkpark.dk\/download\" target=\"_blank\" rel=\"noopener noreferrer\">her.<\/a><\/p>\n\n\t\t<\/div>\n\t<\/div>\n\n\t<div class=\"wpb_video_widget wpb_content_element vc_clearfix   vc_video-aspect-ratio-169 vc_video-el-width-100 vc_video-align-left\" >\n\t\t<div class=\"wpb_wrapper\">\n\t\t\t\n\t\t\t<div class=\"wpb_video_wrapper\"><span class=\"image-placeholder video\" style=\"padding-bottom:56.25000000%\"><video controls class=\"video-js-el vjs-default-skin vjs-minimal-skin\" width=\"560\" height=\"315\" data-vsetup=\"{&quot;techOrder&quot;:[&quot;youtube&quot;],&quot;sources&quot;:[{&quot;type&quot;:&quot;video\\\/youtube&quot;,&quot;src&quot;:&quot;https:\\\/\\\/www.youtube.com\\\/watch?v=pWy65AUXEo8&quot;}],&quot;youtube&quot;:{&quot;iv_load_policy&quot;:1,&quot;ytControls&quot;:3,&quot;customVars&quot;:{&quot;wmode&quot;:&quot;transparent&quot;,&quot;controls&quot;:0},&quot;enablePrivacyEnhancedMode&quot;:&quot;true&quot;}}\" preload=\"auto\"><\/video><\/span><\/div>\n\t\t<\/div>\n\t<\/div>\n<\/div><\/div><\/div><\/div><div class=\"vc_row-full-width vc_clearfix\"><\/div><\/div><div class=\"vc-row-container container\"><div class=\"vc_row wpb_row vc_row-fluid vc_custom_1617037584767\"><div class=\"wpb_column vc_column_container vc_col-sm-12\"><div class=\"vc_column-inner\"><div class=\"wpb_wrapper\">\n\t<div class=\"wpb_text_column wpb_content_element  vc_custom_1619191024529 post-formatting\" >\n\t\t<div class=\"wpb_wrapper\">\n\t\t\t<h3>Hvordan avslutte en parkering<\/h3>\n\n\t\t<\/div>\n\t<\/div>\n\n\t<div class=\"wpb_text_column wpb_content_element  vc_custom_1617037575996 post-formatting\" >\n\t\t<div class=\"wpb_wrapper\">\n\t\t\t<p><span style=\"font-family: roboto, helvetica, sans-serif; color: #000000; font-size: 12pt;\">Vi har gjort det enkelt for deg \u00e5 avslutte parkeringen din, og du kan avslutte den p\u00e5 2 m\u00e5ter.\u00a0<\/span><\/p>\n<p><strong>Avslutt det umiddelbart\u00a0<\/strong><\/p>\n<p>N\u00e5r du har startet parkeringen din, stopper du den ved \u00e5 flytte &quot;Stopp parkering&quot;-glidebryteren mot venstre. N\u00e5r du mottar en kvittering, er parkeringen din fullf\u00f8rt.<\/p>\n<p><strong>Still inn sluttid<\/strong><\/p>\n<p>Du stiller inn appen til \u00e5 avslutte parkeringen automatisk fra et selvvalgt tidspunkt. N\u00e5r du har startet parkeringen klikker du p\u00e5 &quot;Angi sluttid&quot;. Velg dato og klokkeslett n\u00e5r du vil at parkeringen skal avsluttes.<\/p>\n<p>Du m\u00e5 ha den nyeste versjonen av PARKPARK-appen f\u00f8r du kan se funksjonene ovenfor. Sjekk om du har den nyeste versjonen <a style=\"color: #d10a11;\" href=\"http:\/\/www.parkpark.dk\/download\" target=\"_blank\" rel=\"noopener noreferrer\">her.<\/a><\/p>\n\n\t\t<\/div>\n\t<\/div>\n\n\t<div class=\"wpb_video_widget wpb_content_element vc_clearfix   vc_video-aspect-ratio-169 vc_video-el-width-100 vc_video-align-left\" >\n\t\t<div class=\"wpb_wrapper\">\n\t\t\t\n\t\t\t<div class=\"wpb_video_wrapper\"><span class=\"image-placeholder video\" style=\"padding-bottom:56.25000000%\"><video controls class=\"video-js-el vjs-default-skin vjs-minimal-skin\" width=\"560\" height=\"315\" data-vsetup=\"{&quot;techOrder&quot;:[&quot;youtube&quot;],&quot;sources&quot;:[{&quot;type&quot;:&quot;video\\\/youtube&quot;,&quot;src&quot;:&quot;https:\\\/\\\/www.youtube.com\\\/watch?v=sRjYigk8xG4&quot;}],&quot;youtube&quot;:{&quot;iv_load_policy&quot;:1,&quot;ytControls&quot;:3,&quot;customVars&quot;:{&quot;wmode&quot;:&quot;transparent&quot;,&quot;controls&quot;:0},&quot;enablePrivacyEnhancedMode&quot;:&quot;true&quot;}}\" preload=\"auto\"><\/video><\/span><\/div>\n\t\t<\/div>\n\t<\/div>\n<\/div><\/div><\/div><\/div><\/div>","protected":false},"excerpt":{"rendered":"S\u00e5dan starter du en parkering Vi har gjort det endnu lettere for dig at starte en parkering i PARKPARK-appen, og nu kan du starte din parkering p\u00e5 2 m\u00e5der. 1. Ud fra din position Hvis du befinder dig p\u00e5 en P-plads\/zone vil appen foresl\u00e5 dig denne. Klik p\u00e5 den bl\u00e5 knap \u201cStart parkering\u201d nede i&hellip;","protected":false},"author":11,"featured_media":0,"parent":0,"menu_order":0,"comment_status":"closed","ping_status":"closed","template":"","meta":{"inline_featured_image":false},"acf":[],"yoast_head":"<!-- This site is optimized with the Yoast SEO plugin v19.13 - https:\/\/yoast.com\/wordpress\/plugins\/seo\/ -->\n<title>S\u00e5dan starter du en parkering - PARKPARK<\/title>\n<meta name=\"description\" content=\"Det er hurtigt og let at starte din parkering med PARKPARK-appen. Start din parkering p\u00e5 to m\u00e5der og f\u00e5 Danmarks billigste parkering.\" \/>\n<meta name=\"robots\" content=\"index, follow, max-snippet:-1, max-image-preview:large, max-video-preview:-1\" \/>\n<link rel=\"canonical\" href=\"https:\/\/parkpark.no\/no\/start-parkering\/\" \/>\n<meta property=\"og:locale\" content=\"nb_NO\" \/>\n<meta property=\"og:type\" content=\"article\" \/>\n<meta property=\"og:title\" content=\"S\u00e5dan starter du en parkering - PARKPARK\" \/>\n<meta property=\"og:description\" content=\"Det er hurtigt og let at starte din parkering med PARKPARK-appen. Start din parkering p\u00e5 to m\u00e5der og f\u00e5 Danmarks billigste parkering.\" \/>\n<meta property=\"og:url\" content=\"https:\/\/parkpark.no\/no\/start-parkering\/\" \/>\n<meta property=\"og:site_name\" content=\"PARKPARK\" \/>\n<meta property=\"article:modified_time\" content=\"2021-06-11T12:08:39+00:00\" \/>\n<meta name=\"twitter:card\" content=\"summary_large_image\" \/>\n<meta name=\"twitter:label1\" content=\"Ansl. lesetid\" \/>\n\t<meta name=\"twitter:data1\" content=\"2 minutter\" \/>\n<script type=\"application\/ld+json\" class=\"yoast-schema-graph\">{\"@context\":\"https:\/\/schema.org\",\"@graph\":[{\"@type\":\"WebPage\",\"@id\":\"https:\/\/parkpark.no\/start-parkering\/\",\"url\":\"https:\/\/parkpark.no\/start-parkering\/\",\"name\":\"S\u00e5dan starter du en parkering - PARKPARK\",\"isPartOf\":{\"@id\":\"https:\/\/parkpark.no\/#website\"},\"datePublished\":\"2020-12-11T10:47:50+00:00\",\"dateModified\":\"2021-06-11T12:08:39+00:00\",\"description\":\"Det er hurtigt og let at starte din parkering med PARKPARK-appen. Start din parkering p\u00e5 to m\u00e5der og f\u00e5 Danmarks billigste parkering.\",\"breadcrumb\":{\"@id\":\"https:\/\/parkpark.no\/start-parkering\/#breadcrumb\"},\"inLanguage\":\"nb-NO\",\"potentialAction\":[{\"@type\":\"ReadAction\",\"target\":[\"https:\/\/parkpark.no\/start-parkering\/\"]}]},{\"@type\":\"BreadcrumbList\",\"@id\":\"https:\/\/parkpark.no\/start-parkering\/#breadcrumb\",\"itemListElement\":[{\"@type\":\"ListItem\",\"position\":1,\"name\":\"Hjem\",\"item\":\"https:\/\/parkpark.no\/\"},{\"@type\":\"ListItem\",\"position\":2,\"name\":\"S\u00e5dan starter du en parkering\"}]},{\"@type\":\"WebSite\",\"@id\":\"https:\/\/parkpark.no\/#website\",\"url\":\"https:\/\/parkpark.no\/\",\"name\":\"PARKPARK\",\"description\":\"Den beste parkeringsappen\",\"publisher\":{\"@id\":\"https:\/\/parkpark.no\/#organization\"},\"alternateName\":\"ParkPark.dk\",\"potentialAction\":[{\"@type\":\"SearchAction\",\"target\":{\"@type\":\"EntryPoint\",\"urlTemplate\":\"https:\/\/parkpark.no\/?s={search_term_string}\"},\"query-input\":\"required name=search_term_string\"}],\"inLanguage\":\"nb-NO\"},{\"@type\":\"Organization\",\"@id\":\"https:\/\/parkpark.no\/#organization\",\"name\":\"PARKPARK\",\"alternateName\":\"ParkPark.dk\",\"url\":\"https:\/\/parkpark.no\/\",\"logo\":{\"@type\":\"ImageObject\",\"inLanguage\":\"nb-NO\",\"@id\":\"https:\/\/parkpark.no\/#\/schema\/logo\/image\/\",\"url\":\"https:\/\/parkpark.nordicwebmedier.dk\/wp-content\/uploads\/2020\/05\/parkpark_02-e1588760057829.png\",\"contentUrl\":\"https:\/\/parkpark.nordicwebmedier.dk\/wp-content\/uploads\/2020\/05\/parkpark_02-e1588760057829.png\",\"width\":600,\"height\":465,\"caption\":\"PARKPARK\"},\"image\":{\"@id\":\"https:\/\/parkpark.no\/#\/schema\/logo\/image\/\"}}]}<\/script>\n<!-- \/ Yoast SEO plugin. -->","yoast_head_json":{"title":"S\u00e5dan starter du en parkering - PARKPARK","description":"Det er hurtigt og let at starte din parkering med PARKPARK-appen. Start din parkering p\u00e5 to m\u00e5der og f\u00e5 Danmarks billigste parkering.","robots":{"index":"index","follow":"follow","max-snippet":"max-snippet:-1","max-image-preview":"max-image-preview:large","max-video-preview":"max-video-preview:-1"},"canonical":"https:\/\/parkpark.no\/no\/start-parkering\/","og_locale":"nb_NO","og_type":"article","og_title":"S\u00e5dan starter du en parkering - PARKPARK","og_description":"Det er hurtigt og let at starte din parkering med PARKPARK-appen. Start din parkering p\u00e5 to m\u00e5der og f\u00e5 Danmarks billigste parkering.","og_url":"https:\/\/parkpark.no\/no\/start-parkering\/","og_site_name":"PARKPARK","article_modified_time":"2021-06-11T12:08:39+00:00","twitter_card":"summary_large_image","twitter_misc":{"Ansl. lesetid":"2 minutter"},"schema":{"@context":"https:\/\/schema.org","@graph":[{"@type":"WebPage","@id":"https:\/\/parkpark.no\/start-parkering\/","url":"https:\/\/parkpark.no\/start-parkering\/","name":"S\u00e5dan starter du en parkering - PARKPARK","isPartOf":{"@id":"https:\/\/parkpark.no\/#website"},"datePublished":"2020-12-11T10:47:50+00:00","dateModified":"2021-06-11T12:08:39+00:00","description":"Det er hurtigt og let at starte din parkering med PARKPARK-appen. Start din parkering p\u00e5 to m\u00e5der og f\u00e5 Danmarks billigste parkering.","breadcrumb":{"@id":"https:\/\/parkpark.no\/start-parkering\/#breadcrumb"},"inLanguage":"nb-NO","potentialAction":[{"@type":"ReadAction","target":["https:\/\/parkpark.no\/start-parkering\/"]}]},{"@type":"BreadcrumbList","@id":"https:\/\/parkpark.no\/start-parkering\/#breadcrumb","itemListElement":[{"@type":"ListItem","position":1,"name":"Hjem","item":"https:\/\/parkpark.no\/"},{"@type":"ListItem","position":2,"name":"S\u00e5dan starter du en parkering"}]},{"@type":"WebSite","@id":"https:\/\/parkpark.no\/#website","url":"https:\/\/parkpark.no\/","name":"PARKPARK","description":"Den beste parkeringsappen","publisher":{"@id":"https:\/\/parkpark.no\/#organization"},"alternateName":"ParkPark.dk","potentialAction":[{"@type":"SearchAction","target":{"@type":"EntryPoint","urlTemplate":"https:\/\/parkpark.no\/?s={search_term_string}"},"query-input":"required name=search_term_string"}],"inLanguage":"nb-NO"},{"@type":"Organization","@id":"https:\/\/parkpark.no\/#organization","name":"PARKPARK","alternateName":"ParkPark.dk","url":"https:\/\/parkpark.no\/","logo":{"@type":"ImageObject","inLanguage":"nb-NO","@id":"https:\/\/parkpark.no\/#\/schema\/logo\/image\/","url":"https:\/\/parkpark.nordicwebmedier.dk\/wp-content\/uploads\/2020\/05\/parkpark_02-e1588760057829.png","contentUrl":"https:\/\/parkpark.nordicwebmedier.dk\/wp-content\/uploads\/2020\/05\/parkpark_02-e1588760057829.png","width":600,"height":465,"caption":"PARKPARK"},"image":{"@id":"https:\/\/parkpark.no\/#\/schema\/logo\/image\/"}}]}},"_links":{"self":[{"href":"https:\/\/parkpark.no\/no\/wp-json\/wp\/v2\/pages\/10503"}],"collection":[{"href":"https:\/\/parkpark.no\/no\/wp-json\/wp\/v2\/pages"}],"about":[{"href":"https:\/\/parkpark.no\/no\/wp-json\/wp\/v2\/types\/page"}],"author":[{"embeddable":true,"href":"https:\/\/parkpark.no\/no\/wp-json\/wp\/v2\/users\/11"}],"replies":[{"embeddable":true,"href":"https:\/\/parkpark.no\/no\/wp-json\/wp\/v2\/comments?post=10503"}],"version-history":[{"count":0,"href":"https:\/\/parkpark.no\/no\/wp-json\/wp\/v2\/pages\/10503\/revisions"}],"wp:attachment":[{"href":"https:\/\/parkpark.no\/no\/wp-json\/wp\/v2\/media?parent=10503"}],"curies":[{"name":"wp","href":"https:\/\/api.w.org\/{rel}","templated":true}]}}