{"id":8346,"date":"2020-06-09T08:49:34","date_gmt":"2020-06-09T06:49:34","guid":{"rendered":"https:\/\/parkpark.nordicwebmedier.dk\/?page_id=8346"},"modified":"2023-04-13T12:43:15","modified_gmt":"2023-04-13T10:43:15","slug":"job-hos-parkpark","status":"publish","type":"page","link":"https:\/\/parkpark.no\/da\/job-hos-parkpark\/","title":{"rendered":"JOB"},"content":{"rendered":"<div class=\"vc-row-container container\"><div class=\"vc_row wpb_row vc_row-fluid\"><div class=\"wpb_column vc_column_container vc_col-sm-12\"><div class=\"vc_column-inner\"><div class=\"wpb_wrapper\">\n\t\t\t<!-- START Om PARKPARK REVOLUTION SLIDER 6.5.21 --><p class=\"rs-p-wp-fix\"><\/p>\n\t\t\t<rs-module-wrap id=\"rev_slider_7_1_wrapper\" data-source=\"gallery\" style=\"visibility:hidden;background:transparent;padding:0;margin:0px auto;margin-top:0;margin-bottom:0;\">\n\t\t\t\t<rs-module id=\"rev_slider_7_1\" style=\"\" data-version=\"6.5.21\">\n\t\t\t\t\t<rs-slides>\n\t\t\t\t\t\t<rs-slide style=\"position: absolute;\" data-key=\"rs-8\" data-title=\"Slide\" data-in=\"o:0;\" data-out=\"a:false;\">\n\t\t\t\t\t\t\t<img src=\"\/\/parkpark.no\/wp-content\/plugins\/revslider\/public\/assets\/assets\/dummy.png\" alt=\"Erhvervsparkering - Baggrund - Illustration af parkeringspladser\" title=\"parkeringsplads_01_8.jpeg\" width=\"2560\" height=\"612\" class=\"rev-slidebg tp-rs-img rs-lazyload\" data-lazyload=\"\/\/parkpark.dk\/wp-content\/uploads\/revslider\/video-media\/parkeringsplads_01_8-scaled.jpeg\" data-no-retina>\n\t\t\t\t\t\t\t<rs-bgvideo \n\t\t\t\t\t\t\t\tdata-video=\"w:100%;h:100%;nse:false;l:true;ptimer:false;vfc:true;\"\n\t\t\t\t\t\t\t\tdata-mp4=\"\/\/parkpark.dk\/wp-content\/uploads\/2021\/04\/parkeringsplads_01.mp4\"\n\t\t\t\t\t\t\t><\/rs-bgvideo>\n<!---->\t\t\t\t\t\t<\/rs-slide>\n\t\t\t\t\t<\/rs-slides>\n\t\t\t\t<\/rs-module>\n\t\t\t\t<script>\n\t\t\t\t\tsetREVStartSize({c: 'rev_slider_7_1',rl:[1240,1024,778,480],el:[325,768,960,141],gw:[1240,1024,778,480],gh:[325,325,325,225],type:'standard',justify:'',layout:'fullwidth',mh:\"0\"});if (window.RS_MODULES!==undefined && window.RS_MODULES.modules!==undefined && window.RS_MODULES.modules[\"revslider71\"]!==undefined) {window.RS_MODULES.modules[\"revslider71\"].once = false;window.revapi7 = undefined;if (window.RS_MODULES.checkMinimal!==undefined) window.RS_MODULES.checkMinimal()}\n\t\t\t\t<\/script>\n\t\t\t<\/rs-module-wrap>\n\t\t\t<!-- END REVOLUTION SLIDER -->\n<\/div><\/div><\/div><\/div><\/div><div class=\"vc-row-container container\"><div class=\"vc_row wpb_row vc_row-fluid vc_custom_1616900699652\"><div class=\"wpb_column vc_column_container vc_col-sm-12\"><div class=\"vc_column-inner\"><div class=\"wpb_wrapper\">\n\t<div class=\"wpb_text_column wpb_content_element  post-formatting \" >\n\t\t<div class=\"wpb_wrapper\">\n\t\t\t<h1>Job hos PARKPARK<\/h1>\n\n\t\t<\/div>\n\t<\/div>\n<div class=\"vc_empty_space\"   style=\"height: 25px\"><span class=\"vc_empty_space_inner\"><\/span><\/div>\n\t<div class=\"wpb_text_column wpb_content_element  post-formatting \" >\n\t\t<div class=\"wpb_wrapper\">\n\t\t\t<p>Kunne du t\u00e6nke dig et job hos PARKPARK?<\/p>\n<p>PARKPARK hj\u00e6lper dagligt tusindvis af bilister med at g\u00f8re parkering nemmere og billigere i hele Danmark. Med PARKPARK kan du parkere p\u00e5 350.000 parkeringspladser \u2013 fra Frederiksberg til Aalborg, p\u00e5 de fleste offentlige og private p-pladser og p-huse &#8211; nemt, hurtigt og billigt.<\/p>\n<p>PARKPARK er Danmarks eneste danskudviklede og danskejede parkeringsapp, hvor alt lige fra markedsf\u00f8ring, udvikling og salg sker i Danmark. Vi er l\u00f8bende i dialog med danskere om at forbedre og optimere service og vores vores app for at opn\u00e5 vores m\u00e5l om at v\u00e6re den bedste og billigste parkerings applikation.<\/p>\n<p>Hos PARKPARK er vi et dedikeret team, der g\u00f8r vores bedste for hver dag at g\u00f8re parkering bare lidt sjovere.<\/p>\n<p>PARKPARK s\u00f8ger l\u00f8bende talenter til vores team inden for salg, kundeservice, markedsf\u00f8ring og softwareudvikling. F\u00f8lg med p\u00e5 denne side eller online jobannoncer for at se vores aktuelle jobopslag.<\/p>\n<p>Kontakt os ved sp\u00f8rgsm\u00e5l omkring PARKPARK eller mulige jobs p\u00e5 <a href=\"mailto:job@parkpark.dk\">job@parkpark.dk<\/a>.<\/p>\n\n\t\t<\/div>\n\t<\/div>\n<\/div><\/div><\/div><\/div><\/div><div class=\"vc-row-container container\"><div class=\"vc_row wpb_row vc_row-fluid vc_custom_1616900710377\"><div class=\"wpb_column vc_column_container vc_col-sm-12\"><div class=\"vc_column-inner\"><div class=\"wpb_wrapper\">\n\t<div class=\"wpb_text_column wpb_content_element  post-formatting \" >\n\t\t<div class=\"wpb_wrapper\">\n\t\t\t<h2>Ledige stillinger<\/h2>\n\n\t\t<\/div>\n\t<\/div>\n<div class=\"vc_empty_space\"   style=\"height: 25px\"><span class=\"vc_empty_space_inner\"><\/span><\/div>\n\t<div class=\"wpb_text_column wpb_content_element  hidden post-formatting \" >\n\t\t<div class=\"wpb_wrapper\">\n\t\t\t<p>For tiden har vi ingen ledige stillinger.<\/p>\n\n\t\t<\/div>\n\t<\/div>\n\n\t<div class=\"wpb_text_column wpb_content_element  post-formatting \" >\n\t\t<div class=\"wpb_wrapper\">\n\t\t\t<h4>Teles\u00e6lger til erhverv<\/h4>\n<p><a href=\"https:\/\/parkpark.nordicwebmedier.dk\/job-hos-parkpark\/erhvervstelesaelger\/\">Vi \u00f8nsker, at styrke salget til erhvervsvirksomheder og s\u00f8ger derfor en erhvervsteles\u00e6lger.<\/a><\/p>\n\n\t\t<\/div>\n\t<\/div>\n<\/div><\/div><\/div><\/div><\/div><div class=\"vc-row-container container parent--footer-privat\"><div data-vc-full-width=\"true\" data-vc-full-width-init=\"false\" class=\"vc_row wpb_row vc_row-fluid footer-privat vc_custom_1616897940377 vc_row-has-fill vc_column-gap-35 vc_row-o-equal-height vc_row-flex row-stretch\"><div class=\"wpb_column vc_column_container vc_col-sm-3\"><div class=\"vc_column-inner\"><div class=\"wpb_wrapper\">\n\t<div  class=\"wpb_single_image wpb_content_element vc_align_center  vc_custom_1640082002585\">\n\t\t\n\t\t<figure class=\"wpb_wrapper vc_figure\">\n\t\t\t<div class=\"vc_single_image-wrapper   vc_box_border_grey\"><img width=\"1000\" height=\"236\" src=\"https:\/\/parkpark.no\/wp-content\/uploads\/2021\/12\/PARKPARK-logo-Negativ-RGB.png\" class=\"vc_single_image-img attachment-full\" alt=\"\" loading=\"lazy\" title=\"PARKPARK logo - Negativ - RGB\" srcset=\"https:\/\/parkpark.no\/wp-content\/uploads\/2021\/12\/PARKPARK-logo-Negativ-RGB.png 1000w, https:\/\/parkpark.no\/wp-content\/uploads\/2021\/12\/PARKPARK-logo-Negativ-RGB-300x71.png 300w, https:\/\/parkpark.no\/wp-content\/uploads\/2021\/12\/PARKPARK-logo-Negativ-RGB-768x181.png 768w, https:\/\/parkpark.no\/wp-content\/uploads\/2021\/12\/PARKPARK-logo-Negativ-RGB-806x190.png 806w, https:\/\/parkpark.no\/wp-content\/uploads\/2021\/12\/PARKPARK-logo-Negativ-RGB-558x132.png 558w, https:\/\/parkpark.no\/wp-content\/uploads\/2021\/12\/PARKPARK-logo-Negativ-RGB-655x155.png 655w\" sizes=\"(max-width: 1000px) 100vw, 1000px\" \/><\/div>\n\t\t<\/figure>\n\t<\/div>\n\n\t<div class=\"wpb_text_column wpb_content_element  hvid-tekst post-formatting \" >\n\t\t<div class=\"wpb_wrapper\">\n\t\t\t<p><strong>PARKPARK A\/S<br \/>\n<\/strong>\u00d8rnekulsvej 26<br \/>\n2920 Charlottenlund<\/p>\n<p>CVR: 43841491<\/p>\n<p>&nbsp;<\/p>\n<p><a href=\"mailto:kundeservice@parkpark.dk\">kundeservice@parkpark.dk<\/a><\/p>\n\n\t\t<\/div>\n\t<\/div>\n<\/div><\/div><\/div><div class=\"wpb_column vc_column_container vc_col-sm-3\"><div class=\"vc_column-inner\"><div class=\"wpb_wrapper\"><div  class=\"vc_wp_custommenu wpb_content_element footer-links\"><div class=\"widget widget_nav_menu\"><h2 class=\"widgettitle\">Privat<\/h2><div class=\"menu-kundeservice-footer-privat-container\"><ul id=\"menu-kundeservice-footer-privat\" class=\"menu\"><li id=\"menu-item-11489\" class=\"menu-item menu-item-type-custom menu-item-object-custom menu-item-11489\"><a href=\"https:\/\/spark.parkpark.dk\/files\/termsandconditions\/nok_termsandcondition_private.pdf\">HANDELSBETINGELSER<\/a><\/li>\n<li id=\"menu-item-15313\" class=\"menu-item menu-item-type-custom menu-item-object-custom menu-item-15313\"><a href=\"https:\/\/spark.parkpark.dk\/files\/datapolicies\/nok_datapolicy.pdf\">PERSONOPPLUYSNINGSPOLICY<\/a><\/li>\n<li id=\"menu-item-11490\" class=\"menu-item menu-item-type-custom menu-item-object-custom menu-item-11490\"><a href=\"https:\/\/spark.parkpark.dk\/files\/pricelists\/nok_pricelist_private.pdf\">PRISLISTE<\/a><\/li>\n<\/ul><\/div><\/div><\/div><\/div><\/div><\/div><div class=\"wpb_column vc_column_container vc_col-sm-3\"><div class=\"vc_column-inner\"><div class=\"wpb_wrapper\"><div  class=\"vc_wp_custommenu wpb_content_element footer-links\"><div class=\"widget widget_nav_menu\"><h2 class=\"widgettitle\">Erhverv<\/h2><div class=\"menu-kundeservice-footer-erhverv-container\"><ul id=\"menu-kundeservice-footer-erhverv\" class=\"menu\"><li id=\"menu-item-11491\" class=\"menu-item menu-item-type-custom menu-item-object-custom menu-item-11491\"><a href=\"https:\/\/spark.parkpark.dk\/files\/termsandconditions\/nok_termsandcondition_business.pdf\">HANDELSBETINGELSER<\/a><\/li>\n<li id=\"menu-item-11492\" class=\"menu-item menu-item-type-custom menu-item-object-custom menu-item-11492\"><a href=\"https:\/\/spark.parkpark.dk\/files\/pricelists\/nok_pricelist_business.pdf\">PRISLISTE<\/a><\/li>\n<\/ul><\/div><\/div><\/div><\/div><\/div><\/div><div class=\"wpb_column vc_column_container vc_col-sm-3\"><div class=\"vc_column-inner\"><div class=\"wpb_wrapper\"><div  class=\"vc_wp_custommenu wpb_content_element footer-links\"><div class=\"widget widget_nav_menu\"><h2 class=\"widgettitle\">\u00d8vrigt<\/h2><div class=\"menu-footer-oevrigt-container\"><ul id=\"menu-footer-oevrigt\" class=\"menu\"><li id=\"menu-item-8064\" class=\"menu-item menu-item-type-post_type menu-item-object-page menu-item-8064\"><a href=\"https:\/\/parkpark.no\/da\/om-parkpark\/\">OM PARKPARK<\/a><\/li>\n<li id=\"menu-item-10828\" class=\"menu-item menu-item-type-post_type menu-item-object-page menu-item-10828\"><a href=\"https:\/\/parkpark.no\/da\/download-app\/\">DOWNLOAD APP<\/a><\/li>\n<li id=\"menu-item-12432\" class=\"menu-item menu-item-type-custom menu-item-object-custom menu-item-12432\"><a href=\"https:\/\/parkpark.eu\/\">PARKPARK INTERNATIONAL<\/a><\/li>\n<\/ul><\/div><\/div><\/div><\/div><\/div><\/div><\/div><div class=\"vc_row-full-width vc_clearfix\"><\/div><\/div><div class=\"vc-row-container vc-row-container--stretch-content-no-spaces\"><div data-vc-full-width=\"true\" data-vc-full-width-init=\"false\" data-vc-stretch-content=\"true\" class=\"vc_row wpb_row vc_row-fluid vc_custom_1616839605757 vc_row-has-fill vc_row-no-padding\"><div class=\"wpb_column vc_column_container vc_col-sm-12\"><div class=\"vc_column-inner\"><div class=\"wpb_wrapper\"><div class=\"vc_separator wpb_content_element vc_separator_align_center vc_sep_width_100 vc_sep_pos_align_center vc_separator_no_text vc_custom_1616839611286  vc_custom_1616839611286\" ><span class=\"vc_sep_holder vc_sep_holder_l\"><span  style=\"border-color:#d10a11;\" class=\"vc_sep_line\"><\/span><\/span><span class=\"vc_sep_holder vc_sep_holder_r\"><span  style=\"border-color:#d10a11;\" class=\"vc_sep_line\"><\/span><\/span>\n<\/div>\n\t<div class=\"wpb_text_column wpb_content_element  hvid-tekst-footer post-formatting \" >\n\t\t<div class=\"wpb_wrapper\">\n\t\t\t<ul class=\"social-networks rounded colored-hover\"><li><a href=\"https:\/\/www.facebook.com\/PARKPARK.dk\/\" target=\"_blank\" class=\"facebook\" title=\"Facebook\" aria-label=\"Facebook\" rel=\"noopener\"><i class=\"fab fa-facebook\"><\/i><span class=\"name\">Facebook<\/span><\/a><\/li><li><a href=\"https:\/\/www.linkedin.com\/company\/parkpark-a-s\" target=\"_blank\" class=\"linkedin\" title=\"LinkedIn\" aria-label=\"LinkedIn\" rel=\"noopener\"><i class=\"fab fa-linkedin\"><\/i><span class=\"name\">LinkedIn<\/span><\/a><\/li><li><a href=\"https:\/\/www.instagram.com\/parkpark.nordicwebmedier.dk\/\" target=\"_blank\" class=\"instagram\" title=\"Instagram\" aria-label=\"Instagram\" rel=\"noopener\"><i class=\"fab fa-instagram\"><\/i><span class=\"name\">Instagram<\/span><\/a><\/li><\/ul>\n<p>\u00a9 Copyright 2021. All Rights Reserved<\/p>\n\n\t\t<\/div>\n\t<\/div>\n<\/div><\/div><\/div><\/div><div class=\"vc_row-full-width vc_clearfix\"><\/div><\/div>\n","protected":false},"excerpt":{"rendered":"Job hos PARKPARK Kunne du t\u00e6nke dig et job hos PARKPARK? PARKPARK hj\u00e6lper dagligt tusindvis af bilister med at g\u00f8re parkering nemmere og billigere i hele Danmark. Med PARKPARK kan du parkere p\u00e5 350.000 parkeringspladser \u2013 fra Frederiksberg til Aalborg, p\u00e5 de fleste offentlige og private p-pladser og p-huse - nemt, hurtigt og billigt. PARKPARK&hellip;","protected":false},"author":11,"featured_media":0,"parent":0,"menu_order":0,"comment_status":"closed","ping_status":"closed","template":"","meta":{"inline_featured_image":false},"acf":[],"yoast_head":"<!-- This site is optimized with the Yoast SEO plugin v19.13 - https:\/\/yoast.com\/wordpress\/plugins\/seo\/ -->\n<title>Job hos PARKPARK - Det kan v\u00e6re dig vi mangler.<\/title>\n<meta name=\"description\" content=\"Job hos PARKPARK s\u00f8ger l\u00f8bende talenter til vores team inden for salg, markedsf\u00f8ring og softwareudvikling. Se job hos PARKPARK.\" \/>\n<meta name=\"robots\" content=\"index, follow, max-snippet:-1, max-image-preview:large, max-video-preview:-1\" \/>\n<link rel=\"canonical\" href=\"https:\/\/parkpark.no\/da\/job-hos-parkpark\/\" \/>\n<meta property=\"og:locale\" content=\"da_DK\" \/>\n<meta property=\"og:type\" content=\"article\" \/>\n<meta property=\"og:title\" content=\"Job hos PARKPARK - Det kan v\u00e6re dig vi mangler.\" \/>\n<meta property=\"og:description\" content=\"Job hos PARKPARK s\u00f8ger l\u00f8bende talenter til vores team inden for salg, markedsf\u00f8ring og softwareudvikling. Se job hos PARKPARK.\" \/>\n<meta property=\"og:url\" content=\"https:\/\/parkpark.no\/da\/job-hos-parkpark\/\" \/>\n<meta property=\"og:site_name\" content=\"PARKPARK\" \/>\n<meta property=\"article:modified_time\" content=\"2023-04-13T10:43:15+00:00\" \/>\n<meta name=\"twitter:card\" content=\"summary_large_image\" \/>\n<meta name=\"twitter:label1\" content=\"Estimeret l\u00e6setid\" \/>\n\t<meta name=\"twitter:data1\" content=\"2 minutter\" \/>\n<script type=\"application\/ld+json\" class=\"yoast-schema-graph\">{\"@context\":\"https:\/\/schema.org\",\"@graph\":[{\"@type\":\"WebPage\",\"@id\":\"https:\/\/parkpark.no\/job-hos-parkpark\/\",\"url\":\"https:\/\/parkpark.no\/job-hos-parkpark\/\",\"name\":\"Job hos PARKPARK - Det kan v\u00e6re dig vi mangler.\",\"isPartOf\":{\"@id\":\"https:\/\/parkpark.no\/#website\"},\"datePublished\":\"2020-06-09T06:49:34+00:00\",\"dateModified\":\"2023-04-13T10:43:15+00:00\",\"description\":\"Job hos PARKPARK s\u00f8ger l\u00f8bende talenter til vores team inden for salg, markedsf\u00f8ring og softwareudvikling. Se job hos PARKPARK.\",\"breadcrumb\":{\"@id\":\"https:\/\/parkpark.no\/job-hos-parkpark\/#breadcrumb\"},\"inLanguage\":\"da-DK\",\"potentialAction\":[{\"@type\":\"ReadAction\",\"target\":[\"https:\/\/parkpark.no\/job-hos-parkpark\/\"]}]},{\"@type\":\"BreadcrumbList\",\"@id\":\"https:\/\/parkpark.no\/job-hos-parkpark\/#breadcrumb\",\"itemListElement\":[{\"@type\":\"ListItem\",\"position\":1,\"name\":\"Hjem\",\"item\":\"https:\/\/parkpark.no\/\"},{\"@type\":\"ListItem\",\"position\":2,\"name\":\"JOB\"}]},{\"@type\":\"WebSite\",\"@id\":\"https:\/\/parkpark.no\/#website\",\"url\":\"https:\/\/parkpark.no\/\",\"name\":\"PARKPARK\",\"description\":\"Den beste parkeringsappen\",\"publisher\":{\"@id\":\"https:\/\/parkpark.no\/#organization\"},\"alternateName\":\"ParkPark.dk\",\"potentialAction\":[{\"@type\":\"SearchAction\",\"target\":{\"@type\":\"EntryPoint\",\"urlTemplate\":\"https:\/\/parkpark.no\/?s={search_term_string}\"},\"query-input\":\"required name=search_term_string\"}],\"inLanguage\":\"da-DK\"},{\"@type\":\"Organization\",\"@id\":\"https:\/\/parkpark.no\/#organization\",\"name\":\"PARKPARK\",\"alternateName\":\"ParkPark.dk\",\"url\":\"https:\/\/parkpark.no\/\",\"logo\":{\"@type\":\"ImageObject\",\"inLanguage\":\"da-DK\",\"@id\":\"https:\/\/parkpark.no\/#\/schema\/logo\/image\/\",\"url\":\"https:\/\/parkpark.nordicwebmedier.dk\/wp-content\/uploads\/2020\/05\/parkpark_02-e1588760057829.png\",\"contentUrl\":\"https:\/\/parkpark.nordicwebmedier.dk\/wp-content\/uploads\/2020\/05\/parkpark_02-e1588760057829.png\",\"width\":600,\"height\":465,\"caption\":\"PARKPARK\"},\"image\":{\"@id\":\"https:\/\/parkpark.no\/#\/schema\/logo\/image\/\"}}]}<\/script>\n<!-- \/ Yoast SEO plugin. -->","yoast_head_json":{"title":"Job hos PARKPARK - Det kan v\u00e6re dig vi mangler.","description":"Job hos PARKPARK s\u00f8ger l\u00f8bende talenter til vores team inden for salg, markedsf\u00f8ring og softwareudvikling. Se job hos PARKPARK.","robots":{"index":"index","follow":"follow","max-snippet":"max-snippet:-1","max-image-preview":"max-image-preview:large","max-video-preview":"max-video-preview:-1"},"canonical":"https:\/\/parkpark.no\/da\/job-hos-parkpark\/","og_locale":"da_DK","og_type":"article","og_title":"Job hos PARKPARK - Det kan v\u00e6re dig vi mangler.","og_description":"Job hos PARKPARK s\u00f8ger l\u00f8bende talenter til vores team inden for salg, markedsf\u00f8ring og softwareudvikling. Se job hos PARKPARK.","og_url":"https:\/\/parkpark.no\/da\/job-hos-parkpark\/","og_site_name":"PARKPARK","article_modified_time":"2023-04-13T10:43:15+00:00","twitter_card":"summary_large_image","twitter_misc":{"Estimeret l\u00e6setid":"2 minutter"},"schema":{"@context":"https:\/\/schema.org","@graph":[{"@type":"WebPage","@id":"https:\/\/parkpark.no\/job-hos-parkpark\/","url":"https:\/\/parkpark.no\/job-hos-parkpark\/","name":"Job hos PARKPARK - Det kan v\u00e6re dig vi mangler.","isPartOf":{"@id":"https:\/\/parkpark.no\/#website"},"datePublished":"2020-06-09T06:49:34+00:00","dateModified":"2023-04-13T10:43:15+00:00","description":"Job hos PARKPARK s\u00f8ger l\u00f8bende talenter til vores team inden for salg, markedsf\u00f8ring og softwareudvikling. Se job hos PARKPARK.","breadcrumb":{"@id":"https:\/\/parkpark.no\/job-hos-parkpark\/#breadcrumb"},"inLanguage":"da-DK","potentialAction":[{"@type":"ReadAction","target":["https:\/\/parkpark.no\/job-hos-parkpark\/"]}]},{"@type":"BreadcrumbList","@id":"https:\/\/parkpark.no\/job-hos-parkpark\/#breadcrumb","itemListElement":[{"@type":"ListItem","position":1,"name":"Hjem","item":"https:\/\/parkpark.no\/"},{"@type":"ListItem","position":2,"name":"JOB"}]},{"@type":"WebSite","@id":"https:\/\/parkpark.no\/#website","url":"https:\/\/parkpark.no\/","name":"PARKPARK","description":"Den beste parkeringsappen","publisher":{"@id":"https:\/\/parkpark.no\/#organization"},"alternateName":"ParkPark.dk","potentialAction":[{"@type":"SearchAction","target":{"@type":"EntryPoint","urlTemplate":"https:\/\/parkpark.no\/?s={search_term_string}"},"query-input":"required name=search_term_string"}],"inLanguage":"da-DK"},{"@type":"Organization","@id":"https:\/\/parkpark.no\/#organization","name":"PARKPARK","alternateName":"ParkPark.dk","url":"https:\/\/parkpark.no\/","logo":{"@type":"ImageObject","inLanguage":"da-DK","@id":"https:\/\/parkpark.no\/#\/schema\/logo\/image\/","url":"https:\/\/parkpark.nordicwebmedier.dk\/wp-content\/uploads\/2020\/05\/parkpark_02-e1588760057829.png","contentUrl":"https:\/\/parkpark.nordicwebmedier.dk\/wp-content\/uploads\/2020\/05\/parkpark_02-e1588760057829.png","width":600,"height":465,"caption":"PARKPARK"},"image":{"@id":"https:\/\/parkpark.no\/#\/schema\/logo\/image\/"}}]}},"_links":{"self":[{"href":"https:\/\/parkpark.no\/da\/wp-json\/wp\/v2\/pages\/8346"}],"collection":[{"href":"https:\/\/parkpark.no\/da\/wp-json\/wp\/v2\/pages"}],"about":[{"href":"https:\/\/parkpark.no\/da\/wp-json\/wp\/v2\/types\/page"}],"author":[{"embeddable":true,"href":"https:\/\/parkpark.no\/da\/wp-json\/wp\/v2\/users\/11"}],"replies":[{"embeddable":true,"href":"https:\/\/parkpark.no\/da\/wp-json\/wp\/v2\/comments?post=8346"}],"version-history":[{"count":29,"href":"https:\/\/parkpark.no\/da\/wp-json\/wp\/v2\/pages\/8346\/revisions"}],"predecessor-version":[{"id":15260,"href":"https:\/\/parkpark.no\/da\/wp-json\/wp\/v2\/pages\/8346\/revisions\/15260"}],"wp:attachment":[{"href":"https:\/\/parkpark.no\/da\/wp-json\/wp\/v2\/media?parent=8346"}],"curies":[{"name":"wp","href":"https:\/\/api.w.org\/{rel}","templated":true}]}}