{"id":7863,"date":"2020-05-18T12:39:30","date_gmt":"2020-05-18T10:39:30","guid":{"rendered":"https:\/\/parkpark.nordicwebmedier.dk\/?page_id=7863"},"modified":"2023-04-11T16:29:52","modified_gmt":"2023-04-11T14:29:52","slug":"erhverv-cases","status":"publish","type":"page","link":"https:\/\/parkpark.no\/da\/erhverv-cases\/","title":{"rendered":"ERHVERV CASES"},"content":{"rendered":"<div class=\"vc-row-container container\"><div class=\"vc_row wpb_row vc_row-fluid vc_custom_1629413502891\"><div class=\"wpb_column vc_column_container vc_col-sm-12\"><div class=\"vc_column-inner\"><div class=\"wpb_wrapper\">\n\t<div class=\"wpb_text_column wpb_content_element  post-formatting \" >\n\t\t<div class=\"wpb_wrapper\">\n\t\t\t<h1>Udvalgte cases<\/h1>\n<p>Se vores erhverv cases og l\u00e6s hvordan PARKPARK Erhverv hver dag g\u00f8r parkering nemmere for flere virksomheder i hele landet.<\/p>\n\n\t\t<\/div>\n\t<\/div>\n<\/div><\/div><\/div><\/div><\/div><div class=\"vc-row-container container parent--erhverv-links\"><div class=\"vc_row wpb_row vc_row-fluid erhverv-links\"><div class=\"wpb_column vc_column_container vc_col-sm-4\"><div class=\"vc_column-inner\"><div class=\"wpb_wrapper\">\n\t<div  class=\"wpb_single_image wpb_content_element vc_align_left  vc_custom_1630408842334\">\n\t\t\n\t\t<figure class=\"wpb_wrapper vc_figure\">\n\t\t\t<a href=\"https:\/\/parkpark.nordicwebmedier.dk\/referencer-gladsaxebyg\/\" target=\"_self\" class=\"vc_single_image-wrapper   vc_box_border_grey\"><img width=\"800\" height=\"800\" src=\"https:\/\/parkpark.no\/wp-content\/uploads\/2020\/05\/gladsaxebyg-referencebillede-oversigt.jpg\" class=\"vc_single_image-img attachment-full\" alt=\"PARKPARK Erhverv - Cases - Gladsaxe Bygningsentrerprise\" loading=\"lazy\" title=\"gladsaxebyg-referencebillede oversigt\" srcset=\"https:\/\/parkpark.no\/wp-content\/uploads\/2020\/05\/gladsaxebyg-referencebillede-oversigt.jpg 800w, https:\/\/parkpark.no\/wp-content\/uploads\/2020\/05\/gladsaxebyg-referencebillede-oversigt-300x300.jpg 300w, https:\/\/parkpark.no\/wp-content\/uploads\/2020\/05\/gladsaxebyg-referencebillede-oversigt-150x150.jpg 150w, https:\/\/parkpark.no\/wp-content\/uploads\/2020\/05\/gladsaxebyg-referencebillede-oversigt-768x768.jpg 768w, https:\/\/parkpark.no\/wp-content\/uploads\/2020\/05\/gladsaxebyg-referencebillede-oversigt-468x468.jpg 468w, https:\/\/parkpark.no\/wp-content\/uploads\/2020\/05\/gladsaxebyg-referencebillede-oversigt-558x558.jpg 558w, https:\/\/parkpark.no\/wp-content\/uploads\/2020\/05\/gladsaxebyg-referencebillede-oversigt-655x655.jpg 655w, https:\/\/parkpark.no\/wp-content\/uploads\/2020\/05\/gladsaxebyg-referencebillede-oversigt-266x266.jpg 266w, https:\/\/parkpark.no\/wp-content\/uploads\/2020\/05\/gladsaxebyg-referencebillede-oversigt-220x220.jpg 220w\" sizes=\"(max-width: 800px) 100vw, 800px\" \/><\/a>\n\t\t<\/figure>\n\t<\/div>\n\n\t<div class=\"wpb_text_column wpb_content_element  post-formatting \" >\n\t\t<div class=\"wpb_wrapper\">\n\t\t\t<p><a href=\"https:\/\/parkpark.nordicwebmedier.dk\/referencer-gladsaxebyg\/\">GLADSAXE BYGNINGSENTREPRISE<\/a><\/p>\n\n\t\t<\/div>\n\t<\/div>\n<\/div><\/div><\/div><div class=\"wpb_column vc_column_container vc_col-sm-4\"><div class=\"vc_column-inner\"><div class=\"wpb_wrapper\">\n\t<div  class=\"wpb_single_image wpb_content_element vc_align_left  vc_custom_1630408858726\">\n\t\t\n\t\t<figure class=\"wpb_wrapper vc_figure\">\n\t\t\t<a href=\"https:\/\/parkpark.nordicwebmedier.dk\/reference-km-telecom\/\" target=\"_self\" class=\"vc_single_image-wrapper   vc_box_border_grey\"><img width=\"800\" height=\"800\" src=\"https:\/\/parkpark.no\/wp-content\/uploads\/2020\/05\/km-telecom-referencebillede.jpg\" class=\"vc_single_image-img attachment-full\" alt=\"PARKPARK Erhverv - Cases - KM Telecom\" loading=\"lazy\" title=\"km-telecom-referencebillede\" srcset=\"https:\/\/parkpark.no\/wp-content\/uploads\/2020\/05\/km-telecom-referencebillede.jpg 800w, https:\/\/parkpark.no\/wp-content\/uploads\/2020\/05\/km-telecom-referencebillede-300x300.jpg 300w, https:\/\/parkpark.no\/wp-content\/uploads\/2020\/05\/km-telecom-referencebillede-150x150.jpg 150w, https:\/\/parkpark.no\/wp-content\/uploads\/2020\/05\/km-telecom-referencebillede-768x768.jpg 768w, https:\/\/parkpark.no\/wp-content\/uploads\/2020\/05\/km-telecom-referencebillede-468x468.jpg 468w, https:\/\/parkpark.no\/wp-content\/uploads\/2020\/05\/km-telecom-referencebillede-558x558.jpg 558w, https:\/\/parkpark.no\/wp-content\/uploads\/2020\/05\/km-telecom-referencebillede-655x655.jpg 655w, https:\/\/parkpark.no\/wp-content\/uploads\/2020\/05\/km-telecom-referencebillede-266x266.jpg 266w, https:\/\/parkpark.no\/wp-content\/uploads\/2020\/05\/km-telecom-referencebillede-220x220.jpg 220w\" sizes=\"(max-width: 800px) 100vw, 800px\" \/><\/a>\n\t\t<\/figure>\n\t<\/div>\n\n\t<div class=\"wpb_text_column wpb_content_element  post-formatting \" >\n\t\t<div class=\"wpb_wrapper\">\n\t\t\t<p><a href=\"https:\/\/parkpark.nordicwebmedier.dk\/reference-km-telecom\/\">KM TELECOM<\/a><\/p>\n\n\t\t<\/div>\n\t<\/div>\n<\/div><\/div><\/div><div class=\"wpb_column vc_column_container vc_col-sm-4\"><div class=\"vc_column-inner\"><div class=\"wpb_wrapper\">\n\t<div  class=\"wpb_single_image wpb_content_element vc_align_left  vc_custom_1630408874017\">\n\t\t\n\t\t<figure class=\"wpb_wrapper vc_figure\">\n\t\t\t<a href=\"https:\/\/parkpark.nordicwebmedier.dk\/rengoeringsgruppen-danmark\/\" target=\"_self\" class=\"vc_single_image-wrapper   vc_box_border_grey\"><img width=\"800\" height=\"800\" src=\"https:\/\/parkpark.no\/wp-content\/uploads\/2021\/04\/RengoeringsGruppen.jpg\" class=\"vc_single_image-img attachment-full\" alt=\"PARKPARK Erhverv - Cases - Reng\u00f8ringsGruppen Danmark\" loading=\"lazy\" title=\"Reng\u00f8ringsGruppen\" srcset=\"https:\/\/parkpark.no\/wp-content\/uploads\/2021\/04\/RengoeringsGruppen.jpg 800w, https:\/\/parkpark.no\/wp-content\/uploads\/2021\/04\/RengoeringsGruppen-300x300.jpg 300w, https:\/\/parkpark.no\/wp-content\/uploads\/2021\/04\/RengoeringsGruppen-150x150.jpg 150w, https:\/\/parkpark.no\/wp-content\/uploads\/2021\/04\/RengoeringsGruppen-768x768.jpg 768w, https:\/\/parkpark.no\/wp-content\/uploads\/2021\/04\/RengoeringsGruppen-468x468.jpg 468w, https:\/\/parkpark.no\/wp-content\/uploads\/2021\/04\/RengoeringsGruppen-558x558.jpg 558w, https:\/\/parkpark.no\/wp-content\/uploads\/2021\/04\/RengoeringsGruppen-655x655.jpg 655w, https:\/\/parkpark.no\/wp-content\/uploads\/2021\/04\/RengoeringsGruppen-266x266.jpg 266w, https:\/\/parkpark.no\/wp-content\/uploads\/2021\/04\/RengoeringsGruppen-220x220.jpg 220w\" sizes=\"(max-width: 800px) 100vw, 800px\" \/><\/a>\n\t\t<\/figure>\n\t<\/div>\n\n\t<div class=\"wpb_text_column wpb_content_element  post-formatting \" >\n\t\t<div class=\"wpb_wrapper\">\n\t\t\t<p><a href=\"https:\/\/parkpark.nordicwebmedier.dk\/rengoeringsgruppen-danmark\/\">RENG\u00d8RINGSGRUPPEN DANMARK<\/a><\/p>\n\n\t\t<\/div>\n\t<\/div>\n<\/div><\/div><\/div><div class=\"wpb_column vc_column_container vc_col-sm-12\"><div class=\"vc_column-inner vc_custom_1629413685148\"><div class=\"wpb_wrapper\">\n\t<div class=\"wpb_text_column wpb_content_element  post-formatting \" >\n\t\t<div class=\"wpb_wrapper\">\n\t\t\t<p style=\"text-align: center;\"><a href=\"https:\/\/parkpark.nordicwebmedier.dk\/erhverv-forside\/\">L\u00e6s mere om PARKPARK Erhverv her<\/a><\/p>\n\n\t\t<\/div>\n\t<\/div>\n<\/div><\/div><\/div><\/div><\/div><div class=\"vc-row-container container parent--footer-privat\"><div data-vc-full-width=\"true\" data-vc-full-width-init=\"false\" class=\"vc_row wpb_row vc_row-fluid footer-privat vc_custom_1616840725974 vc_row-has-fill vc_column-gap-35 vc_row-o-equal-height vc_row-flex row-stretch\"><div class=\"wpb_column vc_column_container vc_col-sm-3\"><div class=\"vc_column-inner\"><div class=\"wpb_wrapper\">\n\t<div  class=\"wpb_single_image wpb_content_element vc_align_center  vc_custom_1640083185963\">\n\t\t\n\t\t<figure class=\"wpb_wrapper vc_figure\">\n\t\t\t<div class=\"vc_single_image-wrapper   vc_box_border_grey\"><img width=\"1000\" height=\"236\" src=\"https:\/\/parkpark.no\/wp-content\/uploads\/2021\/12\/PARKPARK-logo-Negativ-RGB.png\" class=\"vc_single_image-img attachment-full\" alt=\"\" loading=\"lazy\" title=\"PARKPARK logo - Negativ - RGB\" srcset=\"https:\/\/parkpark.no\/wp-content\/uploads\/2021\/12\/PARKPARK-logo-Negativ-RGB.png 1000w, https:\/\/parkpark.no\/wp-content\/uploads\/2021\/12\/PARKPARK-logo-Negativ-RGB-300x71.png 300w, https:\/\/parkpark.no\/wp-content\/uploads\/2021\/12\/PARKPARK-logo-Negativ-RGB-768x181.png 768w, https:\/\/parkpark.no\/wp-content\/uploads\/2021\/12\/PARKPARK-logo-Negativ-RGB-806x190.png 806w, https:\/\/parkpark.no\/wp-content\/uploads\/2021\/12\/PARKPARK-logo-Negativ-RGB-558x132.png 558w, https:\/\/parkpark.no\/wp-content\/uploads\/2021\/12\/PARKPARK-logo-Negativ-RGB-655x155.png 655w\" sizes=\"(max-width: 1000px) 100vw, 1000px\" \/><\/div>\n\t\t<\/figure>\n\t<\/div>\n\n\t<div class=\"wpb_text_column wpb_content_element  hvid-tekst post-formatting \" >\n\t\t<div class=\"wpb_wrapper\">\n\t\t\t<p><strong>PARKPARK A\/S<br \/>\n<\/strong>\u00d8rnekulsvej 26<br \/>\n2920 Charlottenlund<\/p>\n<p>CVR: 43841491<\/p>\n<p>&nbsp;<\/p>\n<p><a href=\"mailto:kundeservice@parkpark.dk\">kundeservice@parkpark.dk<\/a><\/p>\n\n\t\t<\/div>\n\t<\/div>\n<\/div><\/div><\/div><div class=\"wpb_column vc_column_container vc_col-sm-3\"><div class=\"vc_column-inner\"><div class=\"wpb_wrapper\"><\/div><\/div><\/div><div class=\"wpb_column vc_column_container vc_col-sm-3\"><div class=\"vc_column-inner\"><div class=\"wpb_wrapper\"><div  class=\"vc_wp_custommenu wpb_content_element footer-links\"><div class=\"widget widget_nav_menu\"><h2 class=\"widgettitle\">Erhverv<\/h2><div class=\"menu-kundeservice-footer-erhverv-container\"><ul id=\"menu-kundeservice-footer-erhverv\" class=\"menu\"><li id=\"menu-item-11491\" class=\"menu-item menu-item-type-custom menu-item-object-custom menu-item-11491\"><a href=\"https:\/\/spark.parkpark.dk\/files\/termsandconditions\/nok_termsandcondition_business.pdf\">HANDELSBETINGELSER<\/a><\/li>\n<li id=\"menu-item-11492\" class=\"menu-item menu-item-type-custom menu-item-object-custom menu-item-11492\"><a href=\"https:\/\/spark.parkpark.dk\/files\/pricelists\/nok_pricelist_business.pdf\">PRISLISTE<\/a><\/li>\n<\/ul><\/div><\/div><\/div><\/div><\/div><\/div><div class=\"wpb_column vc_column_container vc_col-sm-3\"><div class=\"vc_column-inner\"><div class=\"wpb_wrapper\"><div  class=\"vc_wp_custommenu wpb_content_element footer-links\"><div class=\"widget widget_nav_menu\"><h2 class=\"widgettitle\">\u00d8vrigt<\/h2><div class=\"menu-footer-oevrigt-container\"><ul id=\"menu-footer-oevrigt\" class=\"menu\"><li id=\"menu-item-8064\" class=\"menu-item menu-item-type-post_type menu-item-object-page menu-item-8064\"><a href=\"https:\/\/parkpark.no\/da\/om-parkpark\/\">OM PARKPARK<\/a><\/li>\n<li id=\"menu-item-10828\" class=\"menu-item menu-item-type-post_type menu-item-object-page menu-item-10828\"><a href=\"https:\/\/parkpark.no\/da\/download-app\/\">DOWNLOAD APP<\/a><\/li>\n<li id=\"menu-item-12432\" class=\"menu-item menu-item-type-custom menu-item-object-custom menu-item-12432\"><a href=\"https:\/\/parkpark.eu\/\">PARKPARK INTERNATIONAL<\/a><\/li>\n<\/ul><\/div><\/div><\/div><\/div><\/div><\/div><\/div><div class=\"vc_row-full-width vc_clearfix\"><\/div><\/div><div class=\"vc-row-container vc-row-container--stretch-content-no-spaces\"><div data-vc-full-width=\"true\" data-vc-full-width-init=\"false\" data-vc-stretch-content=\"true\" class=\"vc_row wpb_row vc_row-fluid vc_custom_1616839605757 vc_row-has-fill vc_row-no-padding\"><div class=\"wpb_column vc_column_container vc_col-sm-12\"><div class=\"vc_column-inner\"><div class=\"wpb_wrapper\"><div class=\"vc_separator wpb_content_element vc_separator_align_center vc_sep_width_100 vc_sep_pos_align_center vc_separator_no_text vc_custom_1616839611286  vc_custom_1616839611286\" ><span class=\"vc_sep_holder vc_sep_holder_l\"><span  style=\"border-color:#d10a11;\" class=\"vc_sep_line\"><\/span><\/span><span class=\"vc_sep_holder vc_sep_holder_r\"><span  style=\"border-color:#d10a11;\" class=\"vc_sep_line\"><\/span><\/span>\n<\/div>\n\t<div class=\"wpb_text_column wpb_content_element  hvid-tekst-footer post-formatting \" >\n\t\t<div class=\"wpb_wrapper\">\n\t\t\t<ul class=\"social-networks rounded colored-hover\"><li><a href=\"https:\/\/www.facebook.com\/PARKPARK.dk\/\" target=\"_blank\" class=\"facebook\" title=\"Facebook\" aria-label=\"Facebook\" rel=\"noopener\"><i class=\"fab fa-facebook\"><\/i><span class=\"name\">Facebook<\/span><\/a><\/li><li><a href=\"https:\/\/www.linkedin.com\/company\/parkpark-a-s\" target=\"_blank\" class=\"linkedin\" title=\"LinkedIn\" aria-label=\"LinkedIn\" rel=\"noopener\"><i class=\"fab fa-linkedin\"><\/i><span class=\"name\">LinkedIn<\/span><\/a><\/li><li><a href=\"https:\/\/www.instagram.com\/parkpark.nordicwebmedier.dk\/\" target=\"_blank\" class=\"instagram\" title=\"Instagram\" aria-label=\"Instagram\" rel=\"noopener\"><i class=\"fab fa-instagram\"><\/i><span class=\"name\">Instagram<\/span><\/a><\/li><\/ul>\n<p>\u00a9 Copyright 2021. All Rights Reserved<\/p>\n\n\t\t<\/div>\n\t<\/div>\n<\/div><\/div><\/div><\/div><div class=\"vc_row-full-width vc_clearfix\"><\/div><\/div>\n","protected":false},"excerpt":{"rendered":"Udvalgte cases Se vores erhverv cases og l\u00e6s hvordan PARKPARK Erhverv hver dag g\u00f8r parkering nemmere for flere virksomheder i hele landet. GLADSAXE BYGNINGSENTREPRISE KM TELECOM RENG\u00d8RINGSGRUPPEN DANMARK L\u00e6s mere om PARKPARK Erhverv her PARKPARK A\/S \u00d8rnekulsvej 26 2920 Charlottenlund CVR: 43841491 &nbsp; kundeservice@parkpark.dk ErhvervHANDELSBETINGELSER PRISLISTE \u00d8vrigtOM PARKPARK DOWNLOAD APP PARKPARK INTERNATIONAL FacebookLinkedInInstagram \u00a9 Copyright&hellip;","protected":false},"author":11,"featured_media":0,"parent":0,"menu_order":0,"comment_status":"closed","ping_status":"closed","template":"","meta":{"inline_featured_image":false},"acf":[],"yoast_head":"<!-- This site is optimized with the Yoast SEO plugin v19.13 - https:\/\/yoast.com\/wordpress\/plugins\/seo\/ -->\n<title>Erhverv cases p\u00e5 parkering til erhvervslivet - PARKPARK Erhverv<\/title>\n<meta name=\"description\" content=\"L\u00e6s mere om vores erhverv cases p\u00e5 parkering til erhvervslivet i Danmark. Vi tilbyder skr\u00e6ddersyede l\u00f8sninger efter din virksomheds behov.\" \/>\n<meta name=\"robots\" content=\"index, follow, max-snippet:-1, max-image-preview:large, max-video-preview:-1\" \/>\n<link rel=\"canonical\" href=\"https:\/\/parkpark.no\/da\/erhverv-cases\/\" \/>\n<meta property=\"og:locale\" content=\"da_DK\" \/>\n<meta property=\"og:type\" content=\"article\" \/>\n<meta property=\"og:title\" content=\"Erhverv cases p\u00e5 parkering til erhvervslivet - PARKPARK Erhverv\" \/>\n<meta property=\"og:description\" content=\"L\u00e6s mere om vores erhverv cases p\u00e5 parkering til erhvervslivet i Danmark. Vi tilbyder skr\u00e6ddersyede l\u00f8sninger efter din virksomheds behov.\" \/>\n<meta property=\"og:url\" content=\"https:\/\/parkpark.no\/da\/erhverv-cases\/\" \/>\n<meta property=\"og:site_name\" content=\"PARKPARK\" \/>\n<meta property=\"article:modified_time\" content=\"2023-04-11T14:29:52+00:00\" \/>\n<meta name=\"twitter:card\" content=\"summary_large_image\" \/>\n<meta name=\"twitter:label1\" content=\"Estimeret l\u00e6setid\" \/>\n\t<meta name=\"twitter:data1\" content=\"1 minut\" \/>\n<script type=\"application\/ld+json\" class=\"yoast-schema-graph\">{\"@context\":\"https:\/\/schema.org\",\"@graph\":[{\"@type\":\"WebPage\",\"@id\":\"https:\/\/parkpark.no\/erhverv-cases\/\",\"url\":\"https:\/\/parkpark.no\/erhverv-cases\/\",\"name\":\"Erhverv cases p\u00e5 parkering til erhvervslivet - PARKPARK Erhverv\",\"isPartOf\":{\"@id\":\"https:\/\/parkpark.no\/#website\"},\"datePublished\":\"2020-05-18T10:39:30+00:00\",\"dateModified\":\"2023-04-11T14:29:52+00:00\",\"description\":\"L\u00e6s mere om vores erhverv cases p\u00e5 parkering til erhvervslivet i Danmark. Vi tilbyder skr\u00e6ddersyede l\u00f8sninger efter din virksomheds behov.\",\"breadcrumb\":{\"@id\":\"https:\/\/parkpark.no\/erhverv-cases\/#breadcrumb\"},\"inLanguage\":\"da-DK\",\"potentialAction\":[{\"@type\":\"ReadAction\",\"target\":[\"https:\/\/parkpark.no\/erhverv-cases\/\"]}]},{\"@type\":\"BreadcrumbList\",\"@id\":\"https:\/\/parkpark.no\/erhverv-cases\/#breadcrumb\",\"itemListElement\":[{\"@type\":\"ListItem\",\"position\":1,\"name\":\"Hjem\",\"item\":\"https:\/\/parkpark.no\/\"},{\"@type\":\"ListItem\",\"position\":2,\"name\":\"ERHVERV CASES\"}]},{\"@type\":\"WebSite\",\"@id\":\"https:\/\/parkpark.no\/#website\",\"url\":\"https:\/\/parkpark.no\/\",\"name\":\"PARKPARK\",\"description\":\"Den beste parkeringsappen\",\"publisher\":{\"@id\":\"https:\/\/parkpark.no\/#organization\"},\"alternateName\":\"ParkPark.dk\",\"potentialAction\":[{\"@type\":\"SearchAction\",\"target\":{\"@type\":\"EntryPoint\",\"urlTemplate\":\"https:\/\/parkpark.no\/?s={search_term_string}\"},\"query-input\":\"required name=search_term_string\"}],\"inLanguage\":\"da-DK\"},{\"@type\":\"Organization\",\"@id\":\"https:\/\/parkpark.no\/#organization\",\"name\":\"PARKPARK\",\"alternateName\":\"ParkPark.dk\",\"url\":\"https:\/\/parkpark.no\/\",\"logo\":{\"@type\":\"ImageObject\",\"inLanguage\":\"da-DK\",\"@id\":\"https:\/\/parkpark.no\/#\/schema\/logo\/image\/\",\"url\":\"https:\/\/parkpark.nordicwebmedier.dk\/wp-content\/uploads\/2020\/05\/parkpark_02-e1588760057829.png\",\"contentUrl\":\"https:\/\/parkpark.nordicwebmedier.dk\/wp-content\/uploads\/2020\/05\/parkpark_02-e1588760057829.png\",\"width\":600,\"height\":465,\"caption\":\"PARKPARK\"},\"image\":{\"@id\":\"https:\/\/parkpark.no\/#\/schema\/logo\/image\/\"}}]}<\/script>\n<!-- \/ Yoast SEO plugin. -->","yoast_head_json":{"title":"Erhverv cases p\u00e5 parkering til erhvervslivet - PARKPARK Erhverv","description":"L\u00e6s mere om vores erhverv cases p\u00e5 parkering til erhvervslivet i Danmark. Vi tilbyder skr\u00e6ddersyede l\u00f8sninger efter din virksomheds behov.","robots":{"index":"index","follow":"follow","max-snippet":"max-snippet:-1","max-image-preview":"max-image-preview:large","max-video-preview":"max-video-preview:-1"},"canonical":"https:\/\/parkpark.no\/da\/erhverv-cases\/","og_locale":"da_DK","og_type":"article","og_title":"Erhverv cases p\u00e5 parkering til erhvervslivet - PARKPARK Erhverv","og_description":"L\u00e6s mere om vores erhverv cases p\u00e5 parkering til erhvervslivet i Danmark. Vi tilbyder skr\u00e6ddersyede l\u00f8sninger efter din virksomheds behov.","og_url":"https:\/\/parkpark.no\/da\/erhverv-cases\/","og_site_name":"PARKPARK","article_modified_time":"2023-04-11T14:29:52+00:00","twitter_card":"summary_large_image","twitter_misc":{"Estimeret l\u00e6setid":"1 minut"},"schema":{"@context":"https:\/\/schema.org","@graph":[{"@type":"WebPage","@id":"https:\/\/parkpark.no\/erhverv-cases\/","url":"https:\/\/parkpark.no\/erhverv-cases\/","name":"Erhverv cases p\u00e5 parkering til erhvervslivet - PARKPARK Erhverv","isPartOf":{"@id":"https:\/\/parkpark.no\/#website"},"datePublished":"2020-05-18T10:39:30+00:00","dateModified":"2023-04-11T14:29:52+00:00","description":"L\u00e6s mere om vores erhverv cases p\u00e5 parkering til erhvervslivet i Danmark. Vi tilbyder skr\u00e6ddersyede l\u00f8sninger efter din virksomheds behov.","breadcrumb":{"@id":"https:\/\/parkpark.no\/erhverv-cases\/#breadcrumb"},"inLanguage":"da-DK","potentialAction":[{"@type":"ReadAction","target":["https:\/\/parkpark.no\/erhverv-cases\/"]}]},{"@type":"BreadcrumbList","@id":"https:\/\/parkpark.no\/erhverv-cases\/#breadcrumb","itemListElement":[{"@type":"ListItem","position":1,"name":"Hjem","item":"https:\/\/parkpark.no\/"},{"@type":"ListItem","position":2,"name":"ERHVERV CASES"}]},{"@type":"WebSite","@id":"https:\/\/parkpark.no\/#website","url":"https:\/\/parkpark.no\/","name":"PARKPARK","description":"Den beste parkeringsappen","publisher":{"@id":"https:\/\/parkpark.no\/#organization"},"alternateName":"ParkPark.dk","potentialAction":[{"@type":"SearchAction","target":{"@type":"EntryPoint","urlTemplate":"https:\/\/parkpark.no\/?s={search_term_string}"},"query-input":"required name=search_term_string"}],"inLanguage":"da-DK"},{"@type":"Organization","@id":"https:\/\/parkpark.no\/#organization","name":"PARKPARK","alternateName":"ParkPark.dk","url":"https:\/\/parkpark.no\/","logo":{"@type":"ImageObject","inLanguage":"da-DK","@id":"https:\/\/parkpark.no\/#\/schema\/logo\/image\/","url":"https:\/\/parkpark.nordicwebmedier.dk\/wp-content\/uploads\/2020\/05\/parkpark_02-e1588760057829.png","contentUrl":"https:\/\/parkpark.nordicwebmedier.dk\/wp-content\/uploads\/2020\/05\/parkpark_02-e1588760057829.png","width":600,"height":465,"caption":"PARKPARK"},"image":{"@id":"https:\/\/parkpark.no\/#\/schema\/logo\/image\/"}}]}},"_links":{"self":[{"href":"https:\/\/parkpark.no\/da\/wp-json\/wp\/v2\/pages\/7863"}],"collection":[{"href":"https:\/\/parkpark.no\/da\/wp-json\/wp\/v2\/pages"}],"about":[{"href":"https:\/\/parkpark.no\/da\/wp-json\/wp\/v2\/types\/page"}],"author":[{"embeddable":true,"href":"https:\/\/parkpark.no\/da\/wp-json\/wp\/v2\/users\/11"}],"replies":[{"embeddable":true,"href":"https:\/\/parkpark.no\/da\/wp-json\/wp\/v2\/comments?post=7863"}],"version-history":[{"count":9,"href":"https:\/\/parkpark.no\/da\/wp-json\/wp\/v2\/pages\/7863\/revisions"}],"predecessor-version":[{"id":15206,"href":"https:\/\/parkpark.no\/da\/wp-json\/wp\/v2\/pages\/7863\/revisions\/15206"}],"wp:attachment":[{"href":"https:\/\/parkpark.no\/da\/wp-json\/wp\/v2\/media?parent=7863"}],"curies":[{"name":"wp","href":"https:\/\/api.w.org\/{rel}","templated":true}]}}