{"id":7542,"date":"2020-05-07T17:51:54","date_gmt":"2020-05-07T15:51:54","guid":{"rendered":"https:\/\/parkpark.nordicwebmedier.dk\/?page_id=7542"},"modified":"2023-04-11T16:29:31","modified_gmt":"2023-04-11T14:29:31","slug":"bliv-ringet-op","status":"publish","type":"page","link":"https:\/\/parkpark.no\/da\/bliv-ringet-op\/","title":{"rendered":"ERHVERV &#8211; BLIV RINGET OP"},"content":{"rendered":"<div class=\"vc-row-container container\"><div data-vc-full-width=\"true\" data-vc-full-width-init=\"false\" class=\"vc_row wpb_row vc_row-fluid vc_custom_1589885213585 vc_row-has-fill row-stretch\"><div class=\"wpb_column vc_column_container vc_col-sm-3\"><div class=\"vc_column-inner\"><div class=\"wpb_wrapper\"><\/div><\/div><\/div><div class=\"wpb_column vc_column_container vc_col-sm-6 vc_col-has-fill\"><div class=\"vc_column-inner vc_custom_1589885249496\"><div class=\"wpb_wrapper\">\n\t<div class=\"wpb_text_column wpb_content_element  post-formatting \" >\n\t\t<div class=\"wpb_wrapper\">\n\t\t\t<h1 class=\"vc_custom_heading\" style=\"text-align: center;\">Bliv ringet op<\/h1>\n<p class=\"vc_custom_heading\" style=\"text-align: center;\">Bliv ringet op og h\u00f8r mere om erhvervsparkering hos PARKPARK<\/p>\n\n\t\t<\/div>\n\t<\/div>\n\n\t<div class=\"wpb_raw_code wpb_content_element wpb_raw_html vc_custom_1610709139833\" >\n\t\t<div class=\"wpb_wrapper\">\n\t\t\t<div role=\"form\" class=\"wpcf7\" id=\"wpcf7-f10743-o1\" lang=\"da-DK\" dir=\"ltr\">\n<div class=\"screen-reader-response\"><p role=\"status\" aria-live=\"polite\" aria-atomic=\"true\"><\/p> <ul><\/ul><\/div>\n<form action=\"\/da\/wp-json\/wp\/v2\/pages\/7542#wpcf7-f10743-o1\" method=\"post\" class=\"wpcf7-form init\" novalidate=\"novalidate\" data-status=\"init\">\n<div style=\"display: none;\">\n<input type=\"hidden\" name=\"_wpcf7\" value=\"10743\" \/>\n<input type=\"hidden\" name=\"_wpcf7_version\" value=\"5.6.4\" \/>\n<input type=\"hidden\" name=\"_wpcf7_locale\" value=\"da_DK\" \/>\n<input type=\"hidden\" name=\"_wpcf7_unit_tag\" value=\"wpcf7-f10743-o1\" \/>\n<input type=\"hidden\" name=\"_wpcf7_container_post\" value=\"0\" \/>\n<input type=\"hidden\" name=\"_wpcf7_posted_data_hash\" value=\"\" \/>\n<input type=\"hidden\" name=\"_wpcf7cf_hidden_group_fields\" value=\"[]\" \/>\n<input type=\"hidden\" name=\"_wpcf7cf_hidden_groups\" value=\"[]\" \/>\n<input type=\"hidden\" name=\"_wpcf7cf_visible_groups\" value=\"[]\" \/>\n<input type=\"hidden\" name=\"_wpcf7cf_repeaters\" value=\"[]\" \/>\n<input type=\"hidden\" name=\"_wpcf7cf_steps\" value=\"{}\" \/>\n<input type=\"hidden\" name=\"_wpcf7cf_options\" value=\"{&quot;form_id&quot;:10743,&quot;conditions&quot;:[{&quot;then_field&quot;:&quot;samarbejdspartner&quot;,&quot;and_rules&quot;:[{&quot;if_field&quot;:&quot;hortomparkpark&quot;,&quot;operator&quot;:&quot;equals&quot;,&quot;if_value&quot;:&quot;samarbejdspartner&quot;}]},{&quot;then_field&quot;:&quot;andet&quot;,&quot;and_rules&quot;:[{&quot;if_field&quot;:&quot;hortomparkpark&quot;,&quot;operator&quot;:&quot;equals&quot;,&quot;if_value&quot;:&quot;andet&quot;}]}],&quot;settings&quot;:{&quot;animation&quot;:&quot;yes&quot;,&quot;animation_intime&quot;:200,&quot;animation_outtime&quot;:200,&quot;conditions_ui&quot;:&quot;normal&quot;,&quot;notice_dismissed&quot;:false,&quot;notice_dismissed_rollback-cf7-5.4&quot;:true,&quot;notice_dismissed_rollback-cf7-5.5.6&quot;:true,&quot;notice_dismissed_update-cf7-5.7.4&quot;:true}}\" \/>\n<\/div>\n<p><span style=\"color:#FFFFFF\">VIRKSOMHEDSOPLYSNINGER:<\/span><br \/>\n<P><span class=\"wpcf7-form-control-wrap\" data-name=\"Firmanavn\"><input type=\"text\" name=\"Firmanavn\" value=\"\" size=\"40\" class=\"wpcf7-form-control wpcf7-text wpcf7-validates-as-required\" id=\"firma-erhverv-kontakt\" aria-required=\"true\" aria-invalid=\"false\" placeholder=\"Firmanavn\" \/><\/span> <\/p>\n<p><span class=\"wpcf7-form-control-wrap\" data-name=\"CVR\"><input type=\"text\" name=\"CVR\" value=\"\" size=\"40\" class=\"wpcf7-form-control wpcf7-text wpcf7-validates-as-required\" id=\"CVR\" aria-required=\"true\" aria-invalid=\"false\" placeholder=\"CVR\" \/><\/span><br \/>\n<P><span class=\"wpcf7-form-control-wrap\" data-name=\"Kontaktperson\"><input type=\"text\" name=\"Kontaktperson\" value=\"\" size=\"40\" class=\"wpcf7-form-control wpcf7-text wpcf7-validates-as-required\" id=\"person-erhverv-kontakt\" aria-required=\"true\" aria-invalid=\"false\" placeholder=\"Kontaktperson\" \/><\/span> <\/p>\n<p><P><span class=\"wpcf7-form-control-wrap\" data-name=\"Mobilnr\"><input type=\"tel\" name=\"Mobilnr\" value=\"\" size=\"40\" class=\"wpcf7-form-control wpcf7-text wpcf7-tel wpcf7-validates-as-required wpcf7-validates-as-tel\" id=\"mobilnr-erhverv-kontakt\" aria-required=\"true\" aria-invalid=\"false\" placeholder=\"Telefon\" \/><\/span> <span class=\"wpcf7-form-control-wrap\" data-name=\"Email\"><input type=\"email\" name=\"Email\" value=\"\" size=\"40\" class=\"wpcf7-form-control wpcf7-text wpcf7-email wpcf7-validates-as-required wpcf7-validates-as-email\" id=\"email-erhverv-kontakt\" aria-required=\"true\" aria-invalid=\"false\" placeholder=\"E-mail\" \/><\/span>  <\/p>\n<p><P><span class=\"wpcf7-form-control-wrap\" data-name=\"Antalbiler\"><input type=\"text\" name=\"Antalbiler\" value=\"\" size=\"40\" class=\"wpcf7-form-control wpcf7-text wpcf7-validates-as-required\" id=\"biler\" aria-required=\"true\" aria-invalid=\"false\" placeholder=\"Antal biler\" \/><\/span><br \/>\n<P><span class=\"wpcf7-form-control-wrap\" data-name=\"Antalparkeringer\"><input type=\"text\" name=\"Antalparkeringer\" value=\"\" size=\"40\" class=\"wpcf7-form-control wpcf7-text wpcf7-validates-as-required\" id=\"parkeringer\" aria-required=\"true\" aria-invalid=\"false\" placeholder=\"Antal Parkeringer pr.\/md?\" \/><\/span><br \/>\n<P><span class=\"wpcf7-form-control-wrap\" data-name=\"Hvor\"><input type=\"text\" name=\"Hvor\" value=\"\" size=\"40\" class=\"wpcf7-form-control wpcf7-text wpcf7-validates-as-required\" id=\"hvor\" aria-required=\"true\" aria-invalid=\"false\" placeholder=\"Hvor parkerer I oftest? (By\/Kommune)\" \/><\/span><br \/>\n<br><br \/>\n<label><span style=\"color: #122d46;\">HVOR HAR DU H\u00d8RT OM PARKPARK?<\/span><\/label><br \/>\n<span class=\"wpcf7-form-control-wrap\" data-name=\"hortomparkpark\"><select name=\"hortomparkpark\" class=\"wpcf7-form-control wpcf7-select\" aria-invalid=\"false\"><option value=\"\">---<\/option><option value=\"Fra en samarbejdspartner\">Fra en samarbejdspartner<\/option><option value=\"Fra en bekendt\">Fra en bekendt<\/option><option value=\"Sociale medier\">Sociale medier<\/option><option value=\"Andet\">Andet<\/option><\/select><\/span><\/p>\n<div data-id=\"samarbejdspartner\" data-orig_data_id=\"samarbejdspartner\"  data-class=\"wpcf7cf_group\"><span class=\"wpcf7-form-control-wrap\" data-name=\"samarbejdspartner\"><input type=\"text\" name=\"samarbejdspartner\" value=\"\" size=\"40\" class=\"wpcf7-form-control wpcf7-text\" aria-invalid=\"false\" placeholder=\"Indtast hvem\" \/><\/span><\/div>\n<div data-id=\"andet\" data-orig_data_id=\"andet\"  data-class=\"wpcf7cf_group\"><span class=\"wpcf7-form-control-wrap\" data-name=\"andet\"><input type=\"text\" name=\"andet\" value=\"\" size=\"40\" class=\"wpcf7-form-control wpcf7-text\" aria-invalid=\"false\" placeholder=\"Indsat andet\" \/><\/span><\/div>\n<p><br><span style=\"color:#122d46\">JEG ER:<\/span><\/p>\n<p><span class=\"wpcf7-form-control-wrap\" data-name=\"Kundetype\"><select name=\"Kundetype\" class=\"wpcf7-form-control wpcf7-select wpcf7-validates-as-required\" aria-required=\"true\" aria-invalid=\"false\"><option value=\"Ny kunde\">Ny kunde<\/option><option value=\"Eksisterende kunde\">Eksisterende kunde<\/option><\/select><\/span><\/p>\n<p><input type=\"submit\" value=\"Jeg vil gerne ringes op\" class=\"wpcf7-form-control has-spinner wpcf7-submit\" \/><\/p>\n<input type='hidden' class='wpcf7-pum' value='{\"closepopup\":false,\"closedelay\":0,\"openpopup\":false,\"openpopup_id\":0}' \/><div class=\"wpcf7-response-output\" aria-hidden=\"true\"><\/div><\/form><\/div>\n\t\t<\/div>\n\t<\/div>\n<\/div><\/div><\/div><div class=\"wpb_column vc_column_container vc_col-sm-3\"><div class=\"vc_column-inner\"><div class=\"wpb_wrapper\"><\/div><\/div><\/div><div class=\"wpb_column vc_column_container vc_col-sm-12\"><div class=\"vc_column-inner vc_custom_1629412242786\"><div class=\"wpb_wrapper\">\n\t<div class=\"wpb_text_column wpb_content_element  post-formatting \" >\n\t\t<div class=\"wpb_wrapper\">\n\t\t\t<p style=\"text-align: center;\"><a href=\"https:\/\/parkpark.nordicwebmedier.dk\/erhverv-forside\/\">L\u00e6s mere om PARKPARK erhverv<\/a><\/p>\n\n\t\t<\/div>\n\t<\/div>\n<\/div><\/div><\/div><\/div><div class=\"vc_row-full-width vc_clearfix\"><\/div><\/div><div class=\"vc-row-container container parent--footer-privat\"><div data-vc-full-width=\"true\" data-vc-full-width-init=\"false\" class=\"vc_row wpb_row vc_row-fluid footer-privat vc_custom_1616840725974 vc_row-has-fill vc_column-gap-35 vc_row-o-equal-height vc_row-flex row-stretch\"><div class=\"wpb_column vc_column_container vc_col-sm-3\"><div class=\"vc_column-inner\"><div class=\"wpb_wrapper\">\n\t<div  class=\"wpb_single_image wpb_content_element vc_align_center  vc_custom_1640083219828\">\n\t\t\n\t\t<figure class=\"wpb_wrapper vc_figure\">\n\t\t\t<div class=\"vc_single_image-wrapper   vc_box_border_grey\"><img width=\"1000\" height=\"236\" src=\"https:\/\/parkpark.no\/wp-content\/uploads\/2021\/12\/PARKPARK-logo-Negativ-RGB.png\" class=\"vc_single_image-img attachment-full\" alt=\"\" loading=\"lazy\" title=\"PARKPARK logo - Negativ - RGB\" srcset=\"https:\/\/parkpark.no\/wp-content\/uploads\/2021\/12\/PARKPARK-logo-Negativ-RGB.png 1000w, https:\/\/parkpark.no\/wp-content\/uploads\/2021\/12\/PARKPARK-logo-Negativ-RGB-300x71.png 300w, https:\/\/parkpark.no\/wp-content\/uploads\/2021\/12\/PARKPARK-logo-Negativ-RGB-768x181.png 768w, https:\/\/parkpark.no\/wp-content\/uploads\/2021\/12\/PARKPARK-logo-Negativ-RGB-806x190.png 806w, https:\/\/parkpark.no\/wp-content\/uploads\/2021\/12\/PARKPARK-logo-Negativ-RGB-558x132.png 558w, https:\/\/parkpark.no\/wp-content\/uploads\/2021\/12\/PARKPARK-logo-Negativ-RGB-655x155.png 655w\" sizes=\"(max-width: 1000px) 100vw, 1000px\" \/><\/div>\n\t\t<\/figure>\n\t<\/div>\n\n\t<div class=\"wpb_text_column wpb_content_element  hvid-tekst post-formatting \" >\n\t\t<div class=\"wpb_wrapper\">\n\t\t\t<p><strong>PARKPARK A\/S<br \/>\n<\/strong>\u00d8rnekulsvej 26<br \/>\n2920 Charlottenlund<\/p>\n<p>CVR: 43841491<\/p>\n<p>&nbsp;<\/p>\n<p><a href=\"mailto:kundeservice@parkpark.dk\">kundeservice@parkpark.dk<\/a><\/p>\n\n\t\t<\/div>\n\t<\/div>\n<\/div><\/div><\/div><div class=\"wpb_column vc_column_container vc_col-sm-3\"><div class=\"vc_column-inner\"><div class=\"wpb_wrapper\"><\/div><\/div><\/div><div class=\"wpb_column vc_column_container vc_col-sm-3\"><div class=\"vc_column-inner\"><div class=\"wpb_wrapper\"><div  class=\"vc_wp_custommenu wpb_content_element footer-links\"><div class=\"widget widget_nav_menu\"><h2 class=\"widgettitle\">Erhverv<\/h2><div class=\"menu-kundeservice-footer-erhverv-container\"><ul id=\"menu-kundeservice-footer-erhverv\" class=\"menu\"><li id=\"menu-item-11491\" class=\"menu-item menu-item-type-custom menu-item-object-custom menu-item-11491\"><a href=\"https:\/\/spark.parkpark.dk\/files\/termsandconditions\/nok_termsandcondition_business.pdf\">HANDELSBETINGELSER<\/a><\/li>\n<li id=\"menu-item-11492\" class=\"menu-item menu-item-type-custom menu-item-object-custom menu-item-11492\"><a href=\"https:\/\/spark.parkpark.dk\/files\/pricelists\/nok_pricelist_business.pdf\">PRISLISTE<\/a><\/li>\n<\/ul><\/div><\/div><\/div><\/div><\/div><\/div><div class=\"wpb_column vc_column_container vc_col-sm-3\"><div class=\"vc_column-inner\"><div class=\"wpb_wrapper\"><div  class=\"vc_wp_custommenu wpb_content_element footer-links\"><div class=\"widget widget_nav_menu\"><h2 class=\"widgettitle\">\u00d8vrigt<\/h2><div class=\"menu-footer-oevrigt-container\"><ul id=\"menu-footer-oevrigt\" class=\"menu\"><li id=\"menu-item-8064\" class=\"menu-item menu-item-type-post_type menu-item-object-page menu-item-8064\"><a href=\"https:\/\/parkpark.no\/da\/om-parkpark\/\">OM PARKPARK<\/a><\/li>\n<li id=\"menu-item-10828\" class=\"menu-item menu-item-type-post_type menu-item-object-page menu-item-10828\"><a href=\"https:\/\/parkpark.no\/da\/download-app\/\">DOWNLOAD APP<\/a><\/li>\n<li id=\"menu-item-12432\" class=\"menu-item menu-item-type-custom menu-item-object-custom menu-item-12432\"><a href=\"https:\/\/parkpark.eu\/\">PARKPARK INTERNATIONAL<\/a><\/li>\n<\/ul><\/div><\/div><\/div><\/div><\/div><\/div><\/div><div class=\"vc_row-full-width vc_clearfix\"><\/div><\/div><div class=\"vc-row-container vc-row-container--stretch-content-no-spaces\"><div data-vc-full-width=\"true\" data-vc-full-width-init=\"false\" data-vc-stretch-content=\"true\" class=\"vc_row wpb_row vc_row-fluid vc_custom_1616839605757 vc_row-has-fill vc_row-no-padding\"><div class=\"wpb_column vc_column_container vc_col-sm-12\"><div class=\"vc_column-inner\"><div class=\"wpb_wrapper\"><div class=\"vc_separator wpb_content_element vc_separator_align_center vc_sep_width_100 vc_sep_pos_align_center vc_separator_no_text vc_custom_1616839611286  vc_custom_1616839611286\" ><span class=\"vc_sep_holder vc_sep_holder_l\"><span  style=\"border-color:#d10a11;\" class=\"vc_sep_line\"><\/span><\/span><span class=\"vc_sep_holder vc_sep_holder_r\"><span  style=\"border-color:#d10a11;\" class=\"vc_sep_line\"><\/span><\/span>\n<\/div>\n\t<div class=\"wpb_text_column wpb_content_element  hvid-tekst-footer post-formatting \" >\n\t\t<div class=\"wpb_wrapper\">\n\t\t\t<ul class=\"social-networks rounded colored-hover\"><li><a href=\"https:\/\/www.facebook.com\/PARKPARK.dk\/\" target=\"_blank\" class=\"facebook\" title=\"Facebook\" aria-label=\"Facebook\" rel=\"noopener\"><i class=\"fab fa-facebook\"><\/i><span class=\"name\">Facebook<\/span><\/a><\/li><li><a href=\"https:\/\/www.linkedin.com\/company\/parkpark-a-s\" target=\"_blank\" class=\"linkedin\" title=\"LinkedIn\" aria-label=\"LinkedIn\" rel=\"noopener\"><i class=\"fab fa-linkedin\"><\/i><span class=\"name\">LinkedIn<\/span><\/a><\/li><li><a href=\"https:\/\/www.instagram.com\/parkpark.nordicwebmedier.dk\/\" target=\"_blank\" class=\"instagram\" title=\"Instagram\" aria-label=\"Instagram\" rel=\"noopener\"><i class=\"fab fa-instagram\"><\/i><span class=\"name\">Instagram<\/span><\/a><\/li><\/ul>\n<p>\u00a9 Copyright 2021. All Rights Reserved<\/p>\n\n\t\t<\/div>\n\t<\/div>\n<\/div><\/div><\/div><\/div><div class=\"vc_row-full-width vc_clearfix\"><\/div><\/div>\n","protected":false},"excerpt":{"rendered":"Bliv ringet op Bliv ringet op og h\u00f8r mere om erhvervsparkering hos PARKPARK VIRKSOMHEDSOPLYSNINGER: HVOR HAR DU H\u00d8RT OM PARKPARK? ---Fra en samarbejdspartnerFra en bekendtSociale medierAndet JEG ER: Ny kundeEksisterende kunde L\u00e6s mere om PARKPARK erhverv PARKPARK A\/S \u00d8rnekulsvej 26 2920 Charlottenlund CVR: 43841491 &nbsp; kundeservice@parkpark.dk ErhvervHANDELSBETINGELSER PRISLISTE \u00d8vrigtOM PARKPARK DOWNLOAD APP PARKPARK INTERNATIONAL FacebookLinkedInInstagram&hellip;","protected":false},"author":11,"featured_media":0,"parent":0,"menu_order":0,"comment_status":"closed","ping_status":"closed","template":"","meta":{"inline_featured_image":false},"acf":[],"yoast_head":"<!-- This site is optimized with the Yoast SEO plugin v19.13 - https:\/\/yoast.com\/wordpress\/plugins\/seo\/ -->\n<title>Bliv ringet op og h\u00f8r mere om erhvervsparking hos PARKPARK Erhverv<\/title>\n<meta name=\"description\" content=\"Bliv ringet op f\u00e5 et tilbud p\u00e5 Danmarks billigste parkering til Erhverv. Vi laver en skr\u00e6ddersyet l\u00f8sning til jeres behov.\" \/>\n<meta name=\"robots\" content=\"index, follow, max-snippet:-1, max-image-preview:large, max-video-preview:-1\" \/>\n<link rel=\"canonical\" href=\"https:\/\/parkpark.no\/da\/bliv-ringet-op\/\" \/>\n<meta property=\"og:locale\" content=\"da_DK\" \/>\n<meta property=\"og:type\" content=\"article\" \/>\n<meta property=\"og:title\" content=\"Bliv ringet op og h\u00f8r mere om erhvervsparking hos PARKPARK Erhverv\" \/>\n<meta property=\"og:description\" content=\"Bliv ringet op f\u00e5 et tilbud p\u00e5 Danmarks billigste parkering til Erhverv. Vi laver en skr\u00e6ddersyet l\u00f8sning til jeres behov.\" \/>\n<meta property=\"og:url\" content=\"https:\/\/parkpark.no\/da\/bliv-ringet-op\/\" \/>\n<meta property=\"og:site_name\" content=\"PARKPARK\" \/>\n<meta property=\"article:modified_time\" content=\"2023-04-11T14:29:31+00:00\" \/>\n<meta name=\"twitter:card\" content=\"summary_large_image\" \/>\n<meta name=\"twitter:label1\" content=\"Estimeret l\u00e6setid\" \/>\n\t<meta name=\"twitter:data1\" content=\"1 minut\" \/>\n<script type=\"application\/ld+json\" class=\"yoast-schema-graph\">{\"@context\":\"https:\/\/schema.org\",\"@graph\":[{\"@type\":\"WebPage\",\"@id\":\"https:\/\/parkpark.no\/bliv-ringet-op\/\",\"url\":\"https:\/\/parkpark.no\/bliv-ringet-op\/\",\"name\":\"Bliv ringet op og h\u00f8r mere om erhvervsparking hos PARKPARK Erhverv\",\"isPartOf\":{\"@id\":\"https:\/\/parkpark.no\/#website\"},\"datePublished\":\"2020-05-07T15:51:54+00:00\",\"dateModified\":\"2023-04-11T14:29:31+00:00\",\"description\":\"Bliv ringet op f\u00e5 et tilbud p\u00e5 Danmarks billigste parkering til Erhverv. Vi laver en skr\u00e6ddersyet l\u00f8sning til jeres behov.\",\"breadcrumb\":{\"@id\":\"https:\/\/parkpark.no\/bliv-ringet-op\/#breadcrumb\"},\"inLanguage\":\"da-DK\",\"potentialAction\":[{\"@type\":\"ReadAction\",\"target\":[\"https:\/\/parkpark.no\/bliv-ringet-op\/\"]}]},{\"@type\":\"BreadcrumbList\",\"@id\":\"https:\/\/parkpark.no\/bliv-ringet-op\/#breadcrumb\",\"itemListElement\":[{\"@type\":\"ListItem\",\"position\":1,\"name\":\"Hjem\",\"item\":\"https:\/\/parkpark.no\/\"},{\"@type\":\"ListItem\",\"position\":2,\"name\":\"ERHVERV &#8211; BLIV RINGET OP\"}]},{\"@type\":\"WebSite\",\"@id\":\"https:\/\/parkpark.no\/#website\",\"url\":\"https:\/\/parkpark.no\/\",\"name\":\"PARKPARK\",\"description\":\"Den beste parkeringsappen\",\"publisher\":{\"@id\":\"https:\/\/parkpark.no\/#organization\"},\"alternateName\":\"ParkPark.dk\",\"potentialAction\":[{\"@type\":\"SearchAction\",\"target\":{\"@type\":\"EntryPoint\",\"urlTemplate\":\"https:\/\/parkpark.no\/?s={search_term_string}\"},\"query-input\":\"required name=search_term_string\"}],\"inLanguage\":\"da-DK\"},{\"@type\":\"Organization\",\"@id\":\"https:\/\/parkpark.no\/#organization\",\"name\":\"PARKPARK\",\"alternateName\":\"ParkPark.dk\",\"url\":\"https:\/\/parkpark.no\/\",\"logo\":{\"@type\":\"ImageObject\",\"inLanguage\":\"da-DK\",\"@id\":\"https:\/\/parkpark.no\/#\/schema\/logo\/image\/\",\"url\":\"https:\/\/parkpark.nordicwebmedier.dk\/wp-content\/uploads\/2020\/05\/parkpark_02-e1588760057829.png\",\"contentUrl\":\"https:\/\/parkpark.nordicwebmedier.dk\/wp-content\/uploads\/2020\/05\/parkpark_02-e1588760057829.png\",\"width\":600,\"height\":465,\"caption\":\"PARKPARK\"},\"image\":{\"@id\":\"https:\/\/parkpark.no\/#\/schema\/logo\/image\/\"}}]}<\/script>\n<!-- \/ Yoast SEO plugin. -->","yoast_head_json":{"title":"Bliv ringet op og h\u00f8r mere om erhvervsparking hos PARKPARK Erhverv","description":"Bliv ringet op f\u00e5 et tilbud p\u00e5 Danmarks billigste parkering til Erhverv. Vi laver en skr\u00e6ddersyet l\u00f8sning til jeres behov.","robots":{"index":"index","follow":"follow","max-snippet":"max-snippet:-1","max-image-preview":"max-image-preview:large","max-video-preview":"max-video-preview:-1"},"canonical":"https:\/\/parkpark.no\/da\/bliv-ringet-op\/","og_locale":"da_DK","og_type":"article","og_title":"Bliv ringet op og h\u00f8r mere om erhvervsparking hos PARKPARK Erhverv","og_description":"Bliv ringet op f\u00e5 et tilbud p\u00e5 Danmarks billigste parkering til Erhverv. Vi laver en skr\u00e6ddersyet l\u00f8sning til jeres behov.","og_url":"https:\/\/parkpark.no\/da\/bliv-ringet-op\/","og_site_name":"PARKPARK","article_modified_time":"2023-04-11T14:29:31+00:00","twitter_card":"summary_large_image","twitter_misc":{"Estimeret l\u00e6setid":"1 minut"},"schema":{"@context":"https:\/\/schema.org","@graph":[{"@type":"WebPage","@id":"https:\/\/parkpark.no\/bliv-ringet-op\/","url":"https:\/\/parkpark.no\/bliv-ringet-op\/","name":"Bliv ringet op og h\u00f8r mere om erhvervsparking hos PARKPARK Erhverv","isPartOf":{"@id":"https:\/\/parkpark.no\/#website"},"datePublished":"2020-05-07T15:51:54+00:00","dateModified":"2023-04-11T14:29:31+00:00","description":"Bliv ringet op f\u00e5 et tilbud p\u00e5 Danmarks billigste parkering til Erhverv. Vi laver en skr\u00e6ddersyet l\u00f8sning til jeres behov.","breadcrumb":{"@id":"https:\/\/parkpark.no\/bliv-ringet-op\/#breadcrumb"},"inLanguage":"da-DK","potentialAction":[{"@type":"ReadAction","target":["https:\/\/parkpark.no\/bliv-ringet-op\/"]}]},{"@type":"BreadcrumbList","@id":"https:\/\/parkpark.no\/bliv-ringet-op\/#breadcrumb","itemListElement":[{"@type":"ListItem","position":1,"name":"Hjem","item":"https:\/\/parkpark.no\/"},{"@type":"ListItem","position":2,"name":"ERHVERV &#8211; BLIV RINGET OP"}]},{"@type":"WebSite","@id":"https:\/\/parkpark.no\/#website","url":"https:\/\/parkpark.no\/","name":"PARKPARK","description":"Den beste parkeringsappen","publisher":{"@id":"https:\/\/parkpark.no\/#organization"},"alternateName":"ParkPark.dk","potentialAction":[{"@type":"SearchAction","target":{"@type":"EntryPoint","urlTemplate":"https:\/\/parkpark.no\/?s={search_term_string}"},"query-input":"required name=search_term_string"}],"inLanguage":"da-DK"},{"@type":"Organization","@id":"https:\/\/parkpark.no\/#organization","name":"PARKPARK","alternateName":"ParkPark.dk","url":"https:\/\/parkpark.no\/","logo":{"@type":"ImageObject","inLanguage":"da-DK","@id":"https:\/\/parkpark.no\/#\/schema\/logo\/image\/","url":"https:\/\/parkpark.nordicwebmedier.dk\/wp-content\/uploads\/2020\/05\/parkpark_02-e1588760057829.png","contentUrl":"https:\/\/parkpark.nordicwebmedier.dk\/wp-content\/uploads\/2020\/05\/parkpark_02-e1588760057829.png","width":600,"height":465,"caption":"PARKPARK"},"image":{"@id":"https:\/\/parkpark.no\/#\/schema\/logo\/image\/"}}]}},"_links":{"self":[{"href":"https:\/\/parkpark.no\/da\/wp-json\/wp\/v2\/pages\/7542"}],"collection":[{"href":"https:\/\/parkpark.no\/da\/wp-json\/wp\/v2\/pages"}],"about":[{"href":"https:\/\/parkpark.no\/da\/wp-json\/wp\/v2\/types\/page"}],"author":[{"embeddable":true,"href":"https:\/\/parkpark.no\/da\/wp-json\/wp\/v2\/users\/11"}],"replies":[{"embeddable":true,"href":"https:\/\/parkpark.no\/da\/wp-json\/wp\/v2\/comments?post=7542"}],"version-history":[{"count":7,"href":"https:\/\/parkpark.no\/da\/wp-json\/wp\/v2\/pages\/7542\/revisions"}],"predecessor-version":[{"id":15205,"href":"https:\/\/parkpark.no\/da\/wp-json\/wp\/v2\/pages\/7542\/revisions\/15205"}],"wp:attachment":[{"href":"https:\/\/parkpark.no\/da\/wp-json\/wp\/v2\/media?parent=7542"}],"curies":[{"name":"wp","href":"https:\/\/api.w.org\/{rel}","templated":true}]}}