{"id":7203,"date":"2020-05-05T11:49:02","date_gmt":"2020-05-05T09:49:02","guid":{"rendered":"https:\/\/parkpark.nordicwebmedier.dk\/?page_id=7203"},"modified":"2023-04-11T16:37:37","modified_gmt":"2023-04-11T14:37:37","slug":"om-parkpark","status":"publish","type":"page","link":"https:\/\/parkpark.no\/da\/om-parkpark\/","title":{"rendered":"OM PARKPARK"},"content":{"rendered":"<div class=\"vc-row-container container\"><div data-vc-full-width=\"true\" data-vc-full-width-init=\"false\" class=\"vc_row wpb_row vc_row-fluid row-stretch\"><div class=\"wpb_column vc_column_container vc_col-sm-12\"><div class=\"vc_column-inner\"><div class=\"wpb_wrapper\">\n\t\t\t<!-- START Om PARKPARK REVOLUTION SLIDER 6.5.21 --><p class=\"rs-p-wp-fix\"><\/p>\n\t\t\t<rs-module-wrap id=\"rev_slider_7_1_wrapper\" data-source=\"gallery\" style=\"visibility:hidden;background:transparent;padding:0;margin:0px auto;margin-top:0;margin-bottom:0;\">\n\t\t\t\t<rs-module id=\"rev_slider_7_1\" style=\"\" data-version=\"6.5.21\">\n\t\t\t\t\t<rs-slides>\n\t\t\t\t\t\t<rs-slide style=\"position: absolute;\" data-key=\"rs-8\" data-title=\"Slide\" data-in=\"o:0;\" data-out=\"a:false;\">\n\t\t\t\t\t\t\t<img src=\"\/\/parkpark.no\/wp-content\/plugins\/revslider\/public\/assets\/assets\/dummy.png\" alt=\"Erhvervsparkering - Baggrund - Illustration af parkeringspladser\" title=\"parkeringsplads_01_8.jpeg\" width=\"2560\" height=\"612\" class=\"rev-slidebg tp-rs-img rs-lazyload\" data-lazyload=\"\/\/parkpark.dk\/wp-content\/uploads\/revslider\/video-media\/parkeringsplads_01_8-scaled.jpeg\" data-no-retina>\n\t\t\t\t\t\t\t<rs-bgvideo \n\t\t\t\t\t\t\t\tdata-video=\"w:100%;h:100%;nse:false;l:true;ptimer:false;vfc:true;\"\n\t\t\t\t\t\t\t\tdata-mp4=\"\/\/parkpark.dk\/wp-content\/uploads\/2021\/04\/parkeringsplads_01.mp4\"\n\t\t\t\t\t\t\t><\/rs-bgvideo>\n<!---->\t\t\t\t\t\t<\/rs-slide>\n\t\t\t\t\t<\/rs-slides>\n\t\t\t\t<\/rs-module>\n\t\t\t\t<script>\n\t\t\t\t\tsetREVStartSize({c: 'rev_slider_7_1',rl:[1240,1024,778,480],el:[325,768,960,141],gw:[1240,1024,778,480],gh:[325,325,325,225],type:'standard',justify:'',layout:'fullwidth',mh:\"0\"});if (window.RS_MODULES!==undefined && window.RS_MODULES.modules!==undefined && window.RS_MODULES.modules[\"revslider71\"]!==undefined) {window.RS_MODULES.modules[\"revslider71\"].once = false;window.revapi7 = undefined;if (window.RS_MODULES.checkMinimal!==undefined) window.RS_MODULES.checkMinimal()}\n\t\t\t\t<\/script>\n\t\t\t<\/rs-module-wrap>\n\t\t\t<!-- END REVOLUTION SLIDER -->\n<\/div><\/div><\/div><\/div><div class=\"vc_row-full-width vc_clearfix\"><\/div><\/div><div class=\"vc-row-container container\"><div data-vc-full-width=\"true\" data-vc-full-width-init=\"false\" class=\"vc_row wpb_row vc_row-fluid vc_custom_1616903800585 vc_row-has-fill vc_column-gap-20 row-stretch\"><div class=\"wpb_column vc_column_container vc_col-sm-12\"><div class=\"vc_column-inner\"><div class=\"wpb_wrapper\">\n\t<div class=\"wpb_text_column wpb_content_element  vc_custom_1661847324376 hvid-tekst post-formatting \" >\n\t\t<div class=\"wpb_wrapper\">\n\t\t\t<h1>PARKPARK &#8211; den billigste parkeringsapp<\/h1>\n\n\t\t<\/div>\n\t<\/div>\n\n\t<div class=\"wpb_text_column wpb_content_element  hvid-tekst post-formatting \" >\n\t\t<div class=\"wpb_wrapper\">\n\t\t\t<p>Om <a href=\"https:\/\/parkpark.nordicwebmedier.dk\/\">PARKPARK<\/a> &#8211; <a href=\"https:\/\/parkpark.nordicwebmedier.dk\/\">PARKPARK&#8217;s<\/a> vision er at tilbyde en smidig, effektiv og billig m\u00e5de at betale for parkering over hele landet \u2013 b\u00e5de for private og for erhvervskunder.<\/p>\n\n\t\t<\/div>\n\t<\/div>\n<\/div><\/div><\/div><\/div><div class=\"vc_row-full-width vc_clearfix\"><\/div><\/div><div class=\"vc-row-container container\"><div data-vc-full-width=\"true\" data-vc-full-width-init=\"false\" class=\"vc_row wpb_row vc_row-fluid vc_custom_1616903916729 vc_row-has-fill vc_column-gap-20 row-stretch\"><div class=\"wpb_column vc_column_container vc_col-sm-12\"><div class=\"vc_column-inner\"><div class=\"wpb_wrapper\">\n\t<div class=\"wpb_text_column wpb_content_element  vc_custom_1661847338714 post-formatting \" >\n\t\t<div class=\"wpb_wrapper\">\n\t\t\t<h2>PARKPARK er billig<\/h2>\n\n\t\t<\/div>\n\t<\/div>\n\n\t<div class=\"wpb_text_column wpb_content_element  post-formatting \" >\n\t\t<div class=\"wpb_wrapper\">\n\t\t\t<p>Der findes en r\u00e6kke betalingsl\u00f8sninger i Danmark til parkering, men f\u00e6lles for dem er, at de er dyre og at de ikke g\u00f8r meget ud af at oplyse om det. De tager alle parkeringsprisen, som er den pris, som kommunen eller parkeringshuset oplyser \u2013 og l\u00e6gger et bel\u00f8b eller ofte en procentsats oveni\u2026<br \/>\n\u2026faktisk er der eksempler p\u00e5 helt op til 15%!<br \/>\nAndre l\u00e6gger et fast bel\u00f8b oveni parkeringen, og nogle g\u00f8r faktisk begge dele!<\/p>\n<p><a href=\"https:\/\/parkpark.nordicwebmedier.dk\/\"><strong>PARKPARK\u2019s<\/strong><\/a> koncept er gennemsigtigt: vi tager altid kun et mindre bel\u00f8b pr. p\u00e5begyndt time i formidling for at d\u00e6kke vores omkostninger.<\/p>\n\n\t\t<\/div>\n\t<\/div>\n<\/div><\/div><\/div><\/div><div class=\"vc_row-full-width vc_clearfix\"><\/div><\/div><div class=\"vc-row-container container\"><div data-vc-full-width=\"true\" data-vc-full-width-init=\"false\" class=\"vc_row wpb_row vc_row-fluid vc_custom_1616904135376 vc_column-gap-20 row-stretch\"><div class=\"wpb_column vc_column_container vc_col-sm-12\"><div class=\"vc_column-inner\"><div class=\"wpb_wrapper\">\n\t<div class=\"wpb_text_column wpb_content_element  vc_custom_1619190709813 post-formatting \" >\n\t\t<div class=\"wpb_wrapper\">\n\t\t\t<h2>Hvordan kan vi g\u00f8re det s\u00e5 billigt?<\/h2>\n\n\t\t<\/div>\n\t<\/div>\n\n\t<div class=\"wpb_text_column wpb_content_element  vc_custom_1676033082139 post-formatting \" >\n\t\t<div class=\"wpb_wrapper\">\n\t\t\t<p>Det er ganske enkelt, da <a href=\"https:\/\/parkpark.nordicwebmedier.dk\/\"><strong>PARKPARK<\/strong><\/a> fungerer med forudbetaling. N\u00e5r du opretter en konto hos <a href=\"https:\/\/parkpark.nordicwebmedier.dk\/\"><strong>PARKPARK<\/strong><\/a> indbetaler du et bel\u00f8b, fx 200 kr. Det er penge, som er dine, men som er reserveret til parkering. Du kan til enhver tid selv g\u00e5 ind i app&#8217;en eller p\u00e5 website og f\u00e5 pengene tilbagebetalt \u2013 helt uden gebyr.<\/p>\n<p>Forudbetalingen g\u00f8r, at <a href=\"https:\/\/parkpark.nordicwebmedier.dk\/\"><strong>PARKPARK<\/strong><\/a> slipper for at betale et bel\u00f8b pr. transaktion til MobiilePay, Nets eller en kreditkortindl\u00f8ser og at vores risiko er minimal. Derudover har <a href=\"https:\/\/parkpark.nordicwebmedier.dk\/\"><strong>PARKPARK<\/strong><\/a> en meget lille og stram organisation, der er langt billigere end de store multinationale selskaber, som opererer i Danmark.<\/p>\n<p>Forresten er <a href=\"https:\/\/parkpark.nordicwebmedier.dk\/\"><strong>PARKPARK<\/strong><\/a> den eneste rent danskejede parkeringsapp!<\/p>\n\n\t\t<\/div>\n\t<\/div>\n\t\t\r\n\t\t<div class=\"mega_uae_btn_143 \" style=\"justify-content: left; display: flex;\">\r\n\t\t\t\t\t\t\t<a href=\"https:\/\/parkpark.dk\/download-app\/\" target=\"\" title=\"Hent appen\" class=\"maw_advanced_btn hvr-fade \" style=\"color: #ffffff;background: #d10a11 ; border: 0px solid ; border-radius: 10px; font-size: 18px; padding: 10px 25px; ;\" data-text=\"HENT APP&#039;EN\"> \r\n\t\t\t\t\t\t\t\t\t\t\t<i class=\" icon__left\"><\/i> \r\n\t\t\t\t\t\t\t\t\t\t\tHENT APP&#039;EN\t\t\t\t\t\t\t\t\t<\/a>\r\n\t\t\t\t<div style=\"clear: both;\"><\/div>\r\n\t\t\t\r\n\t\t\t\r\n\t\t\t\r\n\t\t\t\r\n\t\t\t\r\n\t\t\t\t\t<\/div>\r\n\t\t<style>\r\n\t\t\t.mega_uae_btn_143 .maw_advanced_btn{\r\n\t\t\t\ttext-transform: default !important;\r\n\t\t\t\tfont-style: default !important;\r\n\t\t\t\ttext-decoration: default !important;\r\n\t\t\t\tbox-none: 0 10px 20px rgba(0, 0, 0, 0.3) !important;\r\n\t\t\t}\r\n\t\t\t\t\t\t\t.mega_uae_btn_143 .maw_advanced_btn .icon__left {\r\n\t\t\t\t\tfont-size: 18px !important;\r\n\t\t\t\t\tpadding-right: 5px !important;\r\n\t\t\t\t}\r\n\t\t\t\t\t\t\r\n\t\t\t.mega_uae_btn_143 .button--antiman:hover,\r\n\t\t\t.mega_uae_btn_143 .button--nuka:hover,\r\n\t\t\t.mega_uae_btn_143 .button--aylen:hover,\r\n\t\t\t.mega_uae_btn_143 .button--pipaluk:hover {\r\n\t\t\t\tcolor: #ffffff !important;\r\n\t\t\t}\r\n\r\n\t\t\t\t\t\t\t.mega_uae_btn_143 .hvr-fade:hover{\r\n\t\t\t\t\tbackground: #d10a11 !important;\r\n\t\t\t\t\tcolor: #ffffff !important;\r\n\t\t\t\t}\r\n\t\t\t\r\n\t\t\t\r\n\t\t\t\t\t\t\r\n\t\t\t\t\t\t\r\n\t\t\t\r\n\t\t\t\t\t\r\n\t\t\t\r\n\t\t\t\r\n\t\t\t\r\n\t\t\t\r\n\t\t\t\r\n\t\t\t\r\n\t\t\t\r\n\t\t\t\r\n\t\t\t\r\n\t\t\t\t\t<\/style>\r\n\r\n\t\t<\/div><\/div><\/div><\/div><div class=\"vc_row-full-width vc_clearfix\"><\/div><\/div><div class=\"vc-row-container container\"><div data-vc-full-width=\"true\" data-vc-full-width-init=\"false\" class=\"vc_row wpb_row vc_row-fluid vc_custom_1617068694835 vc_row-has-fill vc_column-gap-20 row-stretch\"><div class=\"wpb_column vc_column_container vc_col-sm-12\"><div class=\"vc_column-inner\"><div class=\"wpb_wrapper\">\n\t<div class=\"wpb_text_column wpb_content_element  vc_custom_1619190716997 post-formatting \" >\n\t\t<div class=\"wpb_wrapper\">\n\t\t\t<h2>Lidt historie<\/h2>\n\n\t\t<\/div>\n\t<\/div>\n\n\t<div class=\"wpb_text_column wpb_content_element  post-formatting \" >\n\t\t<div class=\"wpb_wrapper\">\n\t\t\t<p><a href=\"https:\/\/parkpark.nordicwebmedier.dk\/\"><strong>PARKPARK<\/strong><\/a>\u00a0blev grundlagt i 2013 bl.a. af den succesfulde nordjyske erhvervsmand, Mads Peter Veiby, og siden er\u00a0<a href=\"https:\/\/parkpark.nordicwebmedier.dk\/\"><strong>PARKPARK<\/strong><\/a>\u00a0vokset til at v\u00e6re en af de f\u00f8rende parkeringsapps i Danmark. Hver eneste dag parkerer tusindvis af danskere deres biler og k\u00f8ret\u00f8jer og betaler for parkeringen med\u00a0<a href=\"https:\/\/parkpark.nordicwebmedier.dk\/\"><strong>PARKPARK<\/strong><\/a>\u00a0app\u2019en.<\/p>\n<p>Nu er <a href=\"https:\/\/parkpark.nordicwebmedier.dk\/\"><strong>PARKPARK A\/S<\/strong><\/a> en del af <strong><a href=\"https:\/\/cartime.io\/\">Cartime Technologies A\/S<\/a><\/strong>. Cartime leverer GPS-baserede mobilityl\u00f8sninger.<\/p>\n\n\t\t<\/div>\n\t<\/div>\n<\/div><\/div><\/div><\/div><div class=\"vc_row-full-width vc_clearfix\"><\/div><\/div><div class=\"vc-row-container container parent--footer-privat\"><div data-vc-full-width=\"true\" data-vc-full-width-init=\"false\" class=\"vc_row wpb_row vc_row-fluid footer-privat vc_custom_1640081695075 vc_row-has-fill vc_column-gap-35 vc_row-o-equal-height vc_row-flex row-stretch\"><div class=\"wpb_column vc_column_container vc_col-sm-3\"><div class=\"vc_column-inner\"><div class=\"wpb_wrapper\">\n\t<div  class=\"wpb_single_image wpb_content_element vc_align_center  vc_custom_1640081635019\">\n\t\t\n\t\t<figure class=\"wpb_wrapper vc_figure\">\n\t\t\t<div class=\"vc_single_image-wrapper   vc_box_border_grey\"><img width=\"1000\" height=\"236\" src=\"https:\/\/parkpark.no\/wp-content\/uploads\/2021\/12\/PARKPARK-logo-Negativ-RGB.png\" class=\"vc_single_image-img attachment-full\" alt=\"\" loading=\"lazy\" title=\"PARKPARK logo - Negativ - RGB\" srcset=\"https:\/\/parkpark.no\/wp-content\/uploads\/2021\/12\/PARKPARK-logo-Negativ-RGB.png 1000w, https:\/\/parkpark.no\/wp-content\/uploads\/2021\/12\/PARKPARK-logo-Negativ-RGB-300x71.png 300w, https:\/\/parkpark.no\/wp-content\/uploads\/2021\/12\/PARKPARK-logo-Negativ-RGB-768x181.png 768w, https:\/\/parkpark.no\/wp-content\/uploads\/2021\/12\/PARKPARK-logo-Negativ-RGB-806x190.png 806w, https:\/\/parkpark.no\/wp-content\/uploads\/2021\/12\/PARKPARK-logo-Negativ-RGB-558x132.png 558w, https:\/\/parkpark.no\/wp-content\/uploads\/2021\/12\/PARKPARK-logo-Negativ-RGB-655x155.png 655w\" sizes=\"(max-width: 1000px) 100vw, 1000px\" \/><\/div>\n\t\t<\/figure>\n\t<\/div>\n\n\t<div class=\"wpb_text_column wpb_content_element  hvid-tekst post-formatting \" >\n\t\t<div class=\"wpb_wrapper\">\n\t\t\t<p><strong>PARKPARK A\/S<br \/>\n<\/strong>\u00d8rnekulsvej 26<br \/>\n2920 Charlottenlund<\/p>\n<p>CVR: 43841491<\/p>\n<p>&nbsp;<\/p>\n<p><a href=\"mailto:kundeservice@parkpark.dk\">kundeservice@parkpark.dk<\/a><\/p>\n\n\t\t<\/div>\n\t<\/div>\n<\/div><\/div><\/div><div class=\"wpb_column vc_column_container vc_col-sm-3\"><div class=\"vc_column-inner\"><div class=\"wpb_wrapper\"><div  class=\"vc_wp_custommenu wpb_content_element footer-links\"><div class=\"widget widget_nav_menu\"><h2 class=\"widgettitle\">Privat<\/h2><div class=\"menu-kundeservice-footer-privat-container\"><ul id=\"menu-kundeservice-footer-privat\" class=\"menu\"><li id=\"menu-item-11489\" class=\"menu-item menu-item-type-custom menu-item-object-custom menu-item-11489\"><a href=\"https:\/\/spark.parkpark.dk\/files\/termsandconditions\/nok_termsandcondition_private.pdf\">HANDELSBETINGELSER<\/a><\/li>\n<li id=\"menu-item-15313\" class=\"menu-item menu-item-type-custom menu-item-object-custom menu-item-15313\"><a href=\"https:\/\/spark.parkpark.dk\/files\/datapolicies\/nok_datapolicy.pdf\">PERSONOPPLUYSNINGSPOLICY<\/a><\/li>\n<li id=\"menu-item-11490\" class=\"menu-item menu-item-type-custom menu-item-object-custom menu-item-11490\"><a href=\"https:\/\/spark.parkpark.dk\/files\/pricelists\/nok_pricelist_private.pdf\">PRISLISTE<\/a><\/li>\n<\/ul><\/div><\/div><\/div><\/div><\/div><\/div><div class=\"wpb_column vc_column_container vc_col-sm-3\"><div class=\"vc_column-inner\"><div class=\"wpb_wrapper\"><div  class=\"vc_wp_custommenu wpb_content_element footer-links\"><div class=\"widget widget_nav_menu\"><h2 class=\"widgettitle\">Erhverv<\/h2><div class=\"menu-kundeservice-footer-erhverv-container\"><ul id=\"menu-kundeservice-footer-erhverv\" class=\"menu\"><li id=\"menu-item-11491\" class=\"menu-item menu-item-type-custom menu-item-object-custom menu-item-11491\"><a href=\"https:\/\/spark.parkpark.dk\/files\/termsandconditions\/nok_termsandcondition_business.pdf\">HANDELSBETINGELSER<\/a><\/li>\n<li id=\"menu-item-11492\" class=\"menu-item menu-item-type-custom menu-item-object-custom menu-item-11492\"><a href=\"https:\/\/spark.parkpark.dk\/files\/pricelists\/nok_pricelist_business.pdf\">PRISLISTE<\/a><\/li>\n<\/ul><\/div><\/div><\/div><\/div><\/div><\/div><div class=\"wpb_column vc_column_container vc_col-sm-3\"><div class=\"vc_column-inner\"><div class=\"wpb_wrapper\"><div  class=\"vc_wp_custommenu wpb_content_element footer-links\"><div class=\"widget widget_nav_menu\"><h2 class=\"widgettitle\">\u00d8vrigt<\/h2><div class=\"menu-footer-oevrigt-container\"><ul id=\"menu-footer-oevrigt\" class=\"menu\"><li id=\"menu-item-8064\" class=\"menu-item menu-item-type-post_type menu-item-object-page menu-item-8064\"><a href=\"https:\/\/parkpark.no\/da\/om-parkpark\/\">OM PARKPARK<\/a><\/li>\n<li id=\"menu-item-10828\" class=\"menu-item menu-item-type-post_type menu-item-object-page menu-item-10828\"><a href=\"https:\/\/parkpark.no\/da\/download-app\/\">DOWNLOAD APP<\/a><\/li>\n<li id=\"menu-item-12432\" class=\"menu-item menu-item-type-custom menu-item-object-custom menu-item-12432\"><a href=\"https:\/\/parkpark.eu\/\">PARKPARK INTERNATIONAL<\/a><\/li>\n<\/ul><\/div><\/div><\/div><\/div><\/div><\/div><\/div><div class=\"vc_row-full-width vc_clearfix\"><\/div><\/div><div class=\"vc-row-container vc-row-container--stretch-content-no-spaces\"><div data-vc-full-width=\"true\" data-vc-full-width-init=\"false\" data-vc-stretch-content=\"true\" class=\"vc_row wpb_row vc_row-fluid vc_custom_1616839605757 vc_row-has-fill vc_row-no-padding\"><div class=\"wpb_column vc_column_container vc_col-sm-12\"><div class=\"vc_column-inner\"><div class=\"wpb_wrapper\"><div class=\"vc_separator wpb_content_element vc_separator_align_center vc_sep_width_100 vc_sep_pos_align_center vc_separator_no_text vc_custom_1616839611286  vc_custom_1616839611286\" ><span class=\"vc_sep_holder vc_sep_holder_l\"><span  style=\"border-color:#d10a11;\" class=\"vc_sep_line\"><\/span><\/span><span class=\"vc_sep_holder vc_sep_holder_r\"><span  style=\"border-color:#d10a11;\" class=\"vc_sep_line\"><\/span><\/span>\n<\/div>\n\t<div class=\"wpb_text_column wpb_content_element  hvid-tekst-footer post-formatting \" >\n\t\t<div class=\"wpb_wrapper\">\n\t\t\t<ul class=\"social-networks rounded colored-hover\"><li><a href=\"https:\/\/www.facebook.com\/PARKPARK.dk\/\" target=\"_blank\" class=\"facebook\" title=\"Facebook\" aria-label=\"Facebook\" rel=\"noopener\"><i class=\"fab fa-facebook\"><\/i><span class=\"name\">Facebook<\/span><\/a><\/li><li><a href=\"https:\/\/www.linkedin.com\/company\/parkpark-a-s\" target=\"_blank\" class=\"linkedin\" title=\"LinkedIn\" aria-label=\"LinkedIn\" rel=\"noopener\"><i class=\"fab fa-linkedin\"><\/i><span class=\"name\">LinkedIn<\/span><\/a><\/li><li><a href=\"https:\/\/www.instagram.com\/parkpark.nordicwebmedier.dk\/\" target=\"_blank\" class=\"instagram\" title=\"Instagram\" aria-label=\"Instagram\" rel=\"noopener\"><i class=\"fab fa-instagram\"><\/i><span class=\"name\">Instagram<\/span><\/a><\/li><\/ul>\n<p>\u00a9 Copyright 2021. All Rights Reserved<\/p>\n\n\t\t<\/div>\n\t<\/div>\n<\/div><\/div><\/div><\/div><div class=\"vc_row-full-width vc_clearfix\"><\/div><\/div>\n","protected":false},"excerpt":{"rendered":"PARKPARK - den billigste parkeringsapp Om PARKPARK - PARKPARK's vision er at tilbyde en smidig, effektiv og billig m\u00e5de at betale for parkering over hele landet \u2013 b\u00e5de for private og for erhvervskunder. PARKPARK er billig Der findes en r\u00e6kke betalingsl\u00f8sninger i Danmark til parkering, men f\u00e6lles for dem er, at de er dyre og&hellip;","protected":false},"author":11,"featured_media":0,"parent":0,"menu_order":0,"comment_status":"closed","ping_status":"closed","template":"","meta":{"inline_featured_image":false},"acf":[],"yoast_head":"<!-- This site is optimized with the Yoast SEO plugin v19.13 - https:\/\/yoast.com\/wordpress\/plugins\/seo\/ -->\n<title>Om PARKPARK A\/S - Danmarks billigste parkering<\/title>\n<meta name=\"description\" content=\"OM PARKPARK - Vores vision er at tilbyde en effektiv og billig m\u00e5de at betale for parkering over hele landet, b\u00e5de for private og for erhverv.\" \/>\n<meta name=\"robots\" content=\"index, follow, max-snippet:-1, max-image-preview:large, max-video-preview:-1\" \/>\n<link rel=\"canonical\" href=\"https:\/\/parkpark.no\/da\/om-parkpark\/\" \/>\n<meta property=\"og:locale\" content=\"da_DK\" \/>\n<meta property=\"og:type\" content=\"article\" \/>\n<meta property=\"og:title\" content=\"Om PARKPARK A\/S - Danmarks billigste parkering\" \/>\n<meta property=\"og:description\" content=\"OM PARKPARK - Vores vision er at tilbyde en effektiv og billig m\u00e5de at betale for parkering over hele landet, b\u00e5de for private og for erhverv.\" \/>\n<meta property=\"og:url\" content=\"https:\/\/parkpark.no\/da\/om-parkpark\/\" \/>\n<meta property=\"og:site_name\" content=\"PARKPARK\" \/>\n<meta property=\"article:modified_time\" content=\"2023-04-11T14:37:37+00:00\" \/>\n<meta name=\"twitter:card\" content=\"summary_large_image\" \/>\n<meta name=\"twitter:label1\" content=\"Estimeret l\u00e6setid\" \/>\n\t<meta name=\"twitter:data1\" content=\"3 minutter\" \/>\n<script type=\"application\/ld+json\" class=\"yoast-schema-graph\">{\"@context\":\"https:\/\/schema.org\",\"@graph\":[{\"@type\":\"WebPage\",\"@id\":\"https:\/\/parkpark.no\/no\/om-parkpark\/\",\"url\":\"https:\/\/parkpark.no\/no\/om-parkpark\/\",\"name\":\"Om PARKPARK A\/S - Danmarks billigste parkering\",\"isPartOf\":{\"@id\":\"https:\/\/parkpark.no\/#website\"},\"datePublished\":\"2020-05-05T09:49:02+00:00\",\"dateModified\":\"2023-04-11T14:37:37+00:00\",\"description\":\"OM PARKPARK - Vores vision er at tilbyde en effektiv og billig m\u00e5de at betale for parkering over hele landet, b\u00e5de for private og for erhverv.\",\"breadcrumb\":{\"@id\":\"https:\/\/parkpark.no\/no\/om-parkpark\/#breadcrumb\"},\"inLanguage\":\"da-DK\",\"potentialAction\":[{\"@type\":\"ReadAction\",\"target\":[\"https:\/\/parkpark.no\/no\/om-parkpark\/\"]}]},{\"@type\":\"BreadcrumbList\",\"@id\":\"https:\/\/parkpark.no\/no\/om-parkpark\/#breadcrumb\",\"itemListElement\":[{\"@type\":\"ListItem\",\"position\":1,\"name\":\"Hjem\",\"item\":\"https:\/\/parkpark.no\/\"},{\"@type\":\"ListItem\",\"position\":2,\"name\":\"OM PARKPARK\"}]},{\"@type\":\"WebSite\",\"@id\":\"https:\/\/parkpark.no\/#website\",\"url\":\"https:\/\/parkpark.no\/\",\"name\":\"PARKPARK\",\"description\":\"Den beste parkeringsappen\",\"publisher\":{\"@id\":\"https:\/\/parkpark.no\/#organization\"},\"alternateName\":\"ParkPark.dk\",\"potentialAction\":[{\"@type\":\"SearchAction\",\"target\":{\"@type\":\"EntryPoint\",\"urlTemplate\":\"https:\/\/parkpark.no\/?s={search_term_string}\"},\"query-input\":\"required name=search_term_string\"}],\"inLanguage\":\"da-DK\"},{\"@type\":\"Organization\",\"@id\":\"https:\/\/parkpark.no\/#organization\",\"name\":\"PARKPARK\",\"alternateName\":\"ParkPark.dk\",\"url\":\"https:\/\/parkpark.no\/\",\"logo\":{\"@type\":\"ImageObject\",\"inLanguage\":\"da-DK\",\"@id\":\"https:\/\/parkpark.no\/#\/schema\/logo\/image\/\",\"url\":\"https:\/\/parkpark.nordicwebmedier.dk\/wp-content\/uploads\/2020\/05\/parkpark_02-e1588760057829.png\",\"contentUrl\":\"https:\/\/parkpark.nordicwebmedier.dk\/wp-content\/uploads\/2020\/05\/parkpark_02-e1588760057829.png\",\"width\":600,\"height\":465,\"caption\":\"PARKPARK\"},\"image\":{\"@id\":\"https:\/\/parkpark.no\/#\/schema\/logo\/image\/\"}}]}<\/script>\n<!-- \/ Yoast SEO plugin. -->","yoast_head_json":{"title":"Om PARKPARK A\/S - Danmarks billigste parkering","description":"OM PARKPARK - Vores vision er at tilbyde en effektiv og billig m\u00e5de at betale for parkering over hele landet, b\u00e5de for private og for erhverv.","robots":{"index":"index","follow":"follow","max-snippet":"max-snippet:-1","max-image-preview":"max-image-preview:large","max-video-preview":"max-video-preview:-1"},"canonical":"https:\/\/parkpark.no\/da\/om-parkpark\/","og_locale":"da_DK","og_type":"article","og_title":"Om PARKPARK A\/S - Danmarks billigste parkering","og_description":"OM PARKPARK - Vores vision er at tilbyde en effektiv og billig m\u00e5de at betale for parkering over hele landet, b\u00e5de for private og for erhverv.","og_url":"https:\/\/parkpark.no\/da\/om-parkpark\/","og_site_name":"PARKPARK","article_modified_time":"2023-04-11T14:37:37+00:00","twitter_card":"summary_large_image","twitter_misc":{"Estimeret l\u00e6setid":"3 minutter"},"schema":{"@context":"https:\/\/schema.org","@graph":[{"@type":"WebPage","@id":"https:\/\/parkpark.no\/no\/om-parkpark\/","url":"https:\/\/parkpark.no\/no\/om-parkpark\/","name":"Om PARKPARK A\/S - Danmarks billigste parkering","isPartOf":{"@id":"https:\/\/parkpark.no\/#website"},"datePublished":"2020-05-05T09:49:02+00:00","dateModified":"2023-04-11T14:37:37+00:00","description":"OM PARKPARK - Vores vision er at tilbyde en effektiv og billig m\u00e5de at betale for parkering over hele landet, b\u00e5de for private og for erhverv.","breadcrumb":{"@id":"https:\/\/parkpark.no\/no\/om-parkpark\/#breadcrumb"},"inLanguage":"da-DK","potentialAction":[{"@type":"ReadAction","target":["https:\/\/parkpark.no\/no\/om-parkpark\/"]}]},{"@type":"BreadcrumbList","@id":"https:\/\/parkpark.no\/no\/om-parkpark\/#breadcrumb","itemListElement":[{"@type":"ListItem","position":1,"name":"Hjem","item":"https:\/\/parkpark.no\/"},{"@type":"ListItem","position":2,"name":"OM PARKPARK"}]},{"@type":"WebSite","@id":"https:\/\/parkpark.no\/#website","url":"https:\/\/parkpark.no\/","name":"PARKPARK","description":"Den beste parkeringsappen","publisher":{"@id":"https:\/\/parkpark.no\/#organization"},"alternateName":"ParkPark.dk","potentialAction":[{"@type":"SearchAction","target":{"@type":"EntryPoint","urlTemplate":"https:\/\/parkpark.no\/?s={search_term_string}"},"query-input":"required name=search_term_string"}],"inLanguage":"da-DK"},{"@type":"Organization","@id":"https:\/\/parkpark.no\/#organization","name":"PARKPARK","alternateName":"ParkPark.dk","url":"https:\/\/parkpark.no\/","logo":{"@type":"ImageObject","inLanguage":"da-DK","@id":"https:\/\/parkpark.no\/#\/schema\/logo\/image\/","url":"https:\/\/parkpark.nordicwebmedier.dk\/wp-content\/uploads\/2020\/05\/parkpark_02-e1588760057829.png","contentUrl":"https:\/\/parkpark.nordicwebmedier.dk\/wp-content\/uploads\/2020\/05\/parkpark_02-e1588760057829.png","width":600,"height":465,"caption":"PARKPARK"},"image":{"@id":"https:\/\/parkpark.no\/#\/schema\/logo\/image\/"}}]}},"_links":{"self":[{"href":"https:\/\/parkpark.no\/da\/wp-json\/wp\/v2\/pages\/7203"}],"collection":[{"href":"https:\/\/parkpark.no\/da\/wp-json\/wp\/v2\/pages"}],"about":[{"href":"https:\/\/parkpark.no\/da\/wp-json\/wp\/v2\/types\/page"}],"author":[{"embeddable":true,"href":"https:\/\/parkpark.no\/da\/wp-json\/wp\/v2\/users\/11"}],"replies":[{"embeddable":true,"href":"https:\/\/parkpark.no\/da\/wp-json\/wp\/v2\/comments?post=7203"}],"version-history":[{"count":18,"href":"https:\/\/parkpark.no\/da\/wp-json\/wp\/v2\/pages\/7203\/revisions"}],"predecessor-version":[{"id":15220,"href":"https:\/\/parkpark.no\/da\/wp-json\/wp\/v2\/pages\/7203\/revisions\/15220"}],"wp:attachment":[{"href":"https:\/\/parkpark.no\/da\/wp-json\/wp\/v2\/media?parent=7203"}],"curies":[{"name":"wp","href":"https:\/\/api.w.org\/{rel}","templated":true}]}}